{"id":555,"date":"2025-11-18T18:30:31","date_gmt":"2025-11-18T17:30:31","guid":{"rendered":"https:\/\/ritaraga.com\/?page_id=555"},"modified":"2025-11-20T22:16:37","modified_gmt":"2025-11-20T21:16:37","slug":"oferta","status":"publish","type":"page","link":"https:\/\/ritaraga.com\/index.php\/oferta\/","title":{"rendered":"Oferta"},"content":{"rendered":"\t\t<div data-elementor-type=\"wp-page\" data-elementor-id=\"555\" class=\"elementor elementor-555\">\n\t\t\t\t<div class=\"elementor-element elementor-element-78dd946 e-flex e-con-boxed e-con e-parent\" data-id=\"78dd946\" data-element_type=\"container\">\n\t\t\t\t\t<div class=\"e-con-inner\">\n\t\t\t\t<div class=\"elementor-element elementor-element-cae2ac8 elementor-widget-divider--view-line elementor-widget elementor-widget-divider\" data-id=\"cae2ac8\" data-element_type=\"widget\" data-widget_type=\"divider.default\">\n\t\t\t\t\t\t\t<div class=\"elementor-divider\">\n\t\t\t<span class=\"elementor-divider-separator\">\n\t\t\t\t\t\t<\/span>\n\t\t<\/div>\n\t\t\t\t\t\t<\/div>\n\t\t\t\t\t<\/div>\n\t\t\t\t<\/div>\n\t\t<div class=\"elementor-element elementor-element-62db9db e-grid e-con-boxed e-con e-parent\" data-id=\"62db9db\" data-element_type=\"container\">\n\t\t\t\t\t<div class=\"e-con-inner\">\n\t\t\t\t<div class=\"elementor-element elementor-element-6538cdd elementor-widget elementor-widget-text-editor\" data-id=\"6538cdd\" data-element_type=\"widget\" data-widget_type=\"text-editor.default\">\n\t\t\t\t\t\t\t\t\t<p><strong>Live solo<\/strong><\/p><p>Muzyka autorska i oryginalne aran\u017cacje w unikalnej oprawie wizualnej.<br \/>Wokal i instrumenty akustyczne subtelnie po\u0142\u0105czone ze stylow\u0105 elektronik\u0105, wzbogacone o artystyczny performance &#8211; m.in. skrzyd\u0142a isis, wachlarze led.<\/p><div><p><a class=\"more-btn\" href=\"\/index.php\/oferta-live-solo\">Czytaj wi\u0119cej<\/a><\/p><\/div>\t\t\t\t\t\t\t\t<\/div>\n\t\t\t\t<div class=\"elementor-element elementor-element-15fbad4 elementor-widget elementor-widget-text-editor\" data-id=\"15fbad4\" data-element_type=\"widget\" data-widget_type=\"text-editor.default\">\n\t\t\t\t\t\t\t\t\t<p><strong>Live z zespo\u0142em<\/strong><\/p><p>Wyst\u0119p poszerzony o udzia\u0142 muzyk\u00f3w i performer\u00f3w. Wsp\u00f3\u0142pracuj\u0119 m.in. z:<br \/>\u2022 ZJ Zuzanne (Skrzypce)<br \/>\u2022 Etnochowa (b\u0119bny etniczne)<br \/>\u2022 Wizart (gitara elektryczna)<br \/>\u2022 Elwry (performance, led show, fire show)<br \/><a class=\"more-btn\" href=\"\/index.php\/live-z-zespolem\">Czytaj wi\u0119cej<\/a><\/p><div>\u00a0<\/div>\t\t\t\t\t\t\t\t<\/div>\n\t\t\t\t<div class=\"elementor-element elementor-element-459efaa elementor-widget elementor-widget-text-editor\" data-id=\"459efaa\" data-element_type=\"widget\" data-widget_type=\"text-editor.default\">\n\t\t\t\t\t\t\t\t\t<strong>Organizacja wydarze\u0144<\/strong>  <p> <br>\n\nW ramach dzia\u0142a\u0144 Fundacji Flow Zone i Stowarzyszenia Kr\u0105g oraz wsp\u00f3\u0142prac z firm\u0105 Misteriada oraz Fundacj\u0105 Artystyczn\u0105 Indygo, organizujemy wydarzenia z pe\u0142n\u0105 obs\u0142ug\u0105 techniczn\u0105 opraw\u0105 muzyczn\u0105, artystyczn\u0105 i wizualn\u0105. <p>\n<a class=\"more-btn\" href=\"\/index.php\/organizacja-wydarzen\">Czytaj wi\u0119cej<\/a>\n<style>\n.more-btn {\n    display: inline-block;\n    padding: 8px 16px;\n    background: #473B86;\n    color: #ffffff;\n    text-decoration: none;\n    border-radius: 4px;\n    font-weight: 500;\n    font-size: 14px;\n  \n.more-btn:hover {\n    background: #211636; \n\n}\n<\/style>\t\t\t\t\t\t\t\t<\/div>\n\t\t\t\t\t<\/div>\n\t\t\t\t<\/div>\n\t\t<div class=\"elementor-element elementor-element-0166178 e-flex e-con-boxed e-con e-parent\" data-id=\"0166178\" data-element_type=\"container\">\n\t\t\t\t\t<div class=\"e-con-inner\">\n\t\t\t\t<div class=\"elementor-element elementor-element-e6d8e58 elementor-widget-divider--view-line elementor-widget elementor-widget-divider\" data-id=\"e6d8e58\" data-element_type=\"widget\" data-widget_type=\"divider.default\">\n\t\t\t\t\t\t\t<div class=\"elementor-divider\">\n\t\t\t<span class=\"elementor-divider-separator\">\n\t\t\t\t\t\t<\/span>\n\t\t<\/div>\n\t\t\t\t\t\t<\/div>\n\t\t\t\t\t<\/div>\n\t\t\t\t<\/div>\n\t\t<div class=\"elementor-element elementor-element-8778a87 e-grid e-con-boxed e-con e-parent\" data-id=\"8778a87\" data-element_type=\"container\">\n\t\t\t\t\t<div class=\"e-con-inner\">\n\t\t\t\t<div class=\"elementor-element elementor-element-4dd368a elementor-widget elementor-widget-text-editor\" data-id=\"4dd368a\" data-element_type=\"widget\" data-widget_type=\"text-editor.default\">\n\t\t\t\t\t\t\t\t\t<p><strong>Emisja g\u0142osu &#8211; zaj\u0119cia indywidualne<\/strong><\/p><p>Zaj\u0119cia ze \u015bpiewu i emisji g\u0142osu dla dzieci w wieku szkolnym, m\u0142odzie\u017cy i doros\u0142ych. Bazuj\u0119 na wsp\u00f3\u0142czesnych metodach pracy z g\u0142osem \u015bpiewanym lub m\u00f3wionym &#8211; Mix, SLS. <a class=\"more-btn\" href=\"\/index.php\/emisja-glosu-zajecia-indywidualne\">Czytaj wi\u0119cej<\/a><\/p><p><style>\n.more-btn {<br \/>\n    display: inline-block;<br \/>\n    padding: 8px 16px;<br \/>\n    background: #473B86;<br \/>\n    color: #ffffff;<br \/>\n    text-decoration: none;<br \/>\n    border-radius: 4px;<br \/>\n    font-weight: 500;<br \/>\n    font-size: 14px;<\/p>\n<p>.more-btn:hover {<br \/>\n    background: #211636; <\/p>\n<p>}<br \/>\n<\/style><\/p>\t\t\t\t\t\t\t\t<\/div>\n\t\t\t\t<div class=\"elementor-element elementor-element-be812ab elementor-widget elementor-widget-text-editor\" data-id=\"be812ab\" data-element_type=\"widget\" data-widget_type=\"text-editor.default\">\n\t\t\t\t\t\t\t\t\t<p><strong>Warsztaty dla grup<\/strong><\/p><p>Zaj\u0119cia pracy z g\u0142osem bazuj\u0105ce na muzykoterapii. Formu\u0142y:<br \/>\u2714\u00a0\u00a0joga dla g\u0142osu<br \/>\u2714\u00a0\u00a0kr\u0105g pie\u015bni<br \/>\u2714\u00a0\u00a0\u015bwiadomo\u015b\u0107 g\u0142osu m\u00f3wionego<br \/><a class=\"more-btn\" href=\"\/index.php\/warsztaty\">Czytaj wi\u0119cej<\/a><\/p><p><style>\n.more-btn {<br \/>\n    display: inline-block;<br \/>\n    padding: 8px 16px;<br \/>\n    background: #473B86;<br \/>\n    color: #ffffff;<br \/>\n    text-decoration: none;<br \/>\n    border-radius: 4px;<br \/>\n    font-weight: 500;<br \/>\n    font-size: 14px;<\/p>\n<p>.more-btn:hover {<br \/>\n    background: #211636; <\/p>\n<p>}<br \/>\n<\/style><\/p>\t\t\t\t\t\t\t\t<\/div>\n\t\t\t\t<div class=\"elementor-element elementor-element-c63e630 elementor-widget elementor-widget-text-editor\" data-id=\"c63e630\" data-element_type=\"widget\" data-widget_type=\"text-editor.default\">\n\t\t\t\t\t\t\t\t\t<p><strong>Sesje relaksacyjne<\/strong><\/p><p>Relaksacja prowadzona przy d\u017awi\u0119kach muzyki i instrument\u00f3w. Autorskie sesje bazuj\u0105ce na muzykoterapii, wzbogacone o elementy jogi i pracy z oddechem.<br \/><a class=\"more-btn\" href=\"\/index.php\/sesje-relaksacyjne\">Czytaj wi\u0119cej<\/a><\/p><p><style>\n.more-btn {<br \/>\n    display: inline-block;<br \/>\n    padding: 8px 16px;<br \/>\n    background: #473B86;<br \/>\n    color: #ffffff;<br \/>\n    text-decoration: none;<br \/>\n    border-radius: 4px;<br \/>\n    font-weight: 500;<br \/>\n    font-size: 14px;<\/p>\n<p>.more-btn:hover {<br \/>\n    background: #211636; <\/p>\n<p>}<br \/>\n<\/style><\/p>\t\t\t\t\t\t\t\t<\/div>\n\t\t\t\t\t<\/div>\n\t\t\t\t<\/div>\n\t\t<div class=\"elementor-element elementor-element-baabcf5 e-grid e-con-boxed e-con e-parent\" data-id=\"baabcf5\" data-element_type=\"container\">\n\t\t\t\t\t<div class=\"e-con-inner\">\n\t\t\t\t<div class=\"elementor-element elementor-element-a03dfa1 elementor-widget elementor-widget-image\" data-id=\"a03dfa1\" data-element_type=\"widget\" data-widget_type=\"image.default\">\n\t\t\t\t\t\t\t\t\t\t\t\t\t\t\t<img decoding=\"async\" src=\"https:\/\/ritaraga.com\/wp-content\/uploads\/elementor\/thumbs\/494087193_1300355581853472_3157761869097775734_n-reqhlqhzt6mj2ni1bgr824m8iivt7kusca4pnzay3w.jpg\" title=\"494087193_1300355581853472_3157761869097775734_n\" alt=\"494087193_1300355581853472_3157761869097775734_n\" loading=\"lazy\" \/>\t\t\t\t\t\t\t\t\t\t\t\t\t\t\t<\/div>\n\t\t\t\t<div class=\"elementor-element elementor-element-2cff7f1 elementor-widget elementor-widget-image\" data-id=\"2cff7f1\" data-element_type=\"widget\" data-widget_type=\"image.default\">\n\t\t\t\t\t\t\t\t\t\t\t\t\t\t\t<img decoding=\"async\" src=\"https:\/\/ritaraga.com\/wp-content\/uploads\/elementor\/thumbs\/Rita-3-revxnlbghkafvf17if6fk6zthxgmnbgta0apjtyl1i.png\" title=\"Rita 3\" alt=\"Rita 3\" loading=\"lazy\" \/>\t\t\t\t\t\t\t\t\t\t\t\t\t\t\t<\/div>\n\t\t\t\t<div class=\"elementor-element elementor-element-a51600e elementor-widget elementor-widget-image\" data-id=\"a51600e\" data-element_type=\"widget\" data-widget_type=\"image.default\">\n\t\t\t\t\t\t\t\t\t\t\t\t\t\t\t<img decoding=\"async\" src=\"https:\/\/ritaraga.com\/wp-content\/uploads\/elementor\/thumbs\/493546198_1296786388877058_5978027257007620764_n-rew69dyiyudrik3vjgi8u07fviz5i4ixs2o1dfwoys.jpg\" title=\"493546198_1296786388877058_5978027257007620764_n\" alt=\"493546198_1296786388877058_5978027257007620764_n\" loading=\"lazy\" \/>\t\t\t\t\t\t\t\t\t\t\t\t\t\t\t<\/div>\n\t\t\t\t\t<\/div>\n\t\t\t\t<\/div>\n\t\t<div class=\"elementor-element elementor-element-7e458c2 e-grid e-con-boxed e-con e-parent\" data-id=\"7e458c2\" data-element_type=\"container\">\n\t\t\t\t\t<div class=\"e-con-inner\">\n\t\t\t\t<div class=\"elementor-element elementor-element-93fc768 elementor-widget elementor-widget-image\" data-id=\"93fc768\" data-element_type=\"widget\" data-widget_type=\"image.default\">\n\t\t\t\t\t\t\t\t\t\t\t\t\t\t\t<img fetchpriority=\"high\" decoding=\"async\" width=\"800\" height=\"800\" src=\"https:\/\/ritaraga.com\/wp-content\/uploads\/2025\/11\/577189255_1471934874695541_4753192208389587630_n-1024x1024.jpg\" class=\"attachment-large size-large wp-image-421\" alt=\"\" srcset=\"https:\/\/ritaraga.com\/wp-content\/uploads\/2025\/11\/577189255_1471934874695541_4753192208389587630_n-1024x1024.jpg 1024w, https:\/\/ritaraga.com\/wp-content\/uploads\/2025\/11\/577189255_1471934874695541_4753192208389587630_n-300x300.jpg 300w, https:\/\/ritaraga.com\/wp-content\/uploads\/2025\/11\/577189255_1471934874695541_4753192208389587630_n-150x150.jpg 150w, https:\/\/ritaraga.com\/wp-content\/uploads\/2025\/11\/577189255_1471934874695541_4753192208389587630_n-768x768.jpg 768w, https:\/\/ritaraga.com\/wp-content\/uploads\/2025\/11\/577189255_1471934874695541_4753192208389587630_n.jpg 1440w\" sizes=\"(max-width: 800px) 100vw, 800px\" \/>\t\t\t\t\t\t\t\t\t\t\t\t\t\t\t<\/div>\n\t\t\t\t<div class=\"elementor-element elementor-element-61753c1 elementor-widget elementor-widget-image\" data-id=\"61753c1\" data-element_type=\"widget\" data-widget_type=\"image.default\">\n\t\t\t\t\t\t\t\t\t\t\t\t\t\t\t<img decoding=\"async\" src=\"https:\/\/ritaraga.com\/wp-content\/uploads\/elementor\/thumbs\/525159615_1377990877423275_4854782524696917115_n-1-rew69jlk3unlz2qin1lsyceg2tlvcqccpoqg8daby8.jpg\" title=\"525159615_1377990877423275_4854782524696917115_n (1)\" alt=\"525159615_1377990877423275_4854782524696917115_n (1)\" loading=\"lazy\" \/>\t\t\t\t\t\t\t\t\t\t\t\t\t\t\t<\/div>\n\t\t\t\t<div class=\"elementor-element elementor-element-bdaff5b elementor-widget elementor-widget-image\" data-id=\"bdaff5b\" data-element_type=\"widget\" data-widget_type=\"image.default\">\n\t\t\t\t\t\t\t\t\t\t\t\t\t\t\t<img decoding=\"async\" width=\"800\" height=\"800\" src=\"https:\/\/ritaraga.com\/wp-content\/uploads\/2025\/11\/578736764_1471934911362204_159104556868102852_n-1024x1024.jpg\" class=\"attachment-large size-large wp-image-422\" alt=\"\" srcset=\"https:\/\/ritaraga.com\/wp-content\/uploads\/2025\/11\/578736764_1471934911362204_159104556868102852_n-1024x1024.jpg 1024w, https:\/\/ritaraga.com\/wp-content\/uploads\/2025\/11\/578736764_1471934911362204_159104556868102852_n-300x300.jpg 300w, https:\/\/ritaraga.com\/wp-content\/uploads\/2025\/11\/578736764_1471934911362204_159104556868102852_n-150x150.jpg 150w, https:\/\/ritaraga.com\/wp-content\/uploads\/2025\/11\/578736764_1471934911362204_159104556868102852_n-768x768.jpg 768w, https:\/\/ritaraga.com\/wp-content\/uploads\/2025\/11\/578736764_1471934911362204_159104556868102852_n.jpg 1440w\" sizes=\"(max-width: 800px) 100vw, 800px\" \/>\t\t\t\t\t\t\t\t\t\t\t\t\t\t\t<\/div>\n\t\t\t\t\t<\/div>\n\t\t\t\t<\/div>\n\t\t<div class=\"elementor-element elementor-element-a133723 e-grid e-con-boxed e-con e-parent\" data-id=\"a133723\" data-element_type=\"container\">\n\t\t\t\t\t<div class=\"e-con-inner\">\n\t\t\t\t<div class=\"elementor-element elementor-element-0d28d91 elementor-widget elementor-widget-image\" data-id=\"0d28d91\" data-element_type=\"widget\" data-widget_type=\"image.default\">\n\t\t\t\t\t\t\t\t\t\t\t\t\t\t\t<img decoding=\"async\" src=\"https:\/\/ritaraga.com\/wp-content\/uploads\/elementor\/thumbs\/523161715_1375045154384514_3856366808696876274_n-rew69jlk3umc53w44myp1mj80lvnp543p2tpajgshs.jpg\" title=\"523161715_1375045154384514_3856366808696876274_n\" alt=\"523161715_1375045154384514_3856366808696876274_n\" loading=\"lazy\" \/>\t\t\t\t\t\t\t\t\t\t\t\t\t\t\t<\/div>\n\t\t\t\t<div class=\"elementor-element elementor-element-b0641c8 elementor-widget elementor-widget-image\" data-id=\"b0641c8\" data-element_type=\"widget\" data-widget_type=\"image.default\">\n\t\t\t\t\t\t\t\t\t\t\t\t\t\t\t<img decoding=\"async\" src=\"https:\/\/ritaraga.com\/wp-content\/uploads\/elementor\/thumbs\/499972189_1322175523004811_9094683439872133886_n-rew9660uszuaelx67d0s2q38bk7fgbgjqwwbaac9xc.jpg\" title=\"499972189_1322175523004811_9094683439872133886_n\" alt=\"499972189_1322175523004811_9094683439872133886_n\" loading=\"lazy\" \/>\t\t\t\t\t\t\t\t\t\t\t\t\t\t\t<\/div>\n\t\t\t\t<div class=\"elementor-element elementor-element-7150acc elementor-widget elementor-widget-image\" data-id=\"7150acc\" data-element_type=\"widget\" data-widget_type=\"image.default\">\n\t\t\t\t\t\t\t\t\t\t\t\t\t\t\t<img decoding=\"async\" src=\"https:\/\/ritaraga.com\/wp-content\/uploads\/elementor\/thumbs\/lekcje-spiewu-Rita-scaled-rew8h9atp1qqqm3pnlep00dhlyz9h2kmbmj3gb9utc.jpg\" title=\"lekcje \u015bpiewu Rita\" alt=\"lekcje \u015bpiewu Rita\" loading=\"lazy\" \/>\t\t\t\t\t\t\t\t\t\t\t\t\t\t\t<\/div>\n\t\t\t\t\t<\/div>\n\t\t\t\t<\/div>\n\t\t<div class=\"elementor-element elementor-element-1e24296 e-flex e-con-boxed e-con e-parent\" data-id=\"1e24296\" data-element_type=\"container\" data-settings=\"{&quot;background_background&quot;:&quot;classic&quot;}\">\n\t\t\t\t\t<div class=\"e-con-inner\">\n\t\t\t\t<div class=\"elementor-element elementor-element-af1586f elementor-widget elementor-widget-text-editor\" data-id=\"af1586f\" data-element_type=\"widget\" data-widget_type=\"text-editor.default\">\n\t\t\t\t\t\t\t\t\t<h2><strong>Kontakt:<\/strong><\/h2><h5><a href=\"mailto:rita.raga.music@gmail.com\" target=\"_blank\" rel=\"noopener\">rita.raga.music@gmail.com<\/a><\/h5><p>tel. 506 895 034<\/p><p>IG: <a href=\"http:\/\/instagram.com\/ritaragamusic\">RitaRagaMusic<\/a><br \/>FB: <a href=\"http:\/\/facebook.com\/RitaRagaMusic\">RitaRagaMusic<\/a><br \/>YT: <a href=\"http:\/\/youtube.com\/c\/RitaRaga\">RitaRaga<\/a><br \/>Spotify: <a href=\"https:\/\/open.spotify.com\/artist\/0cKwjtQrp4P1uxmRRuLpXl\">RitaRaga<\/a><br \/>Bandcamp: <a href=\"https:\/\/ritaraga.bandcamp.com\/\">RitaRaga<\/a><\/p>\t\t\t\t\t\t\t\t<\/div>\n\t\t\t\t\t<\/div>\n\t\t\t\t<\/div>\n\t\t\t\t<\/div>\n\t\t","protected":false},"excerpt":{"rendered":"<p>Live solo Muzyka autorska i oryginalne aran\u017cacje w unikalnej oprawie wizualnej.Wokal i instrumenty akustyczne subtelnie po\u0142\u0105czone ze stylow\u0105 elektronik\u0105, wzbogacone o artystyczny performance &#8211; m.in. skrzyd\u0142a isis, wachlarze led. Czytaj wi\u0119cej Live z zespo\u0142em Wyst\u0119p poszerzony o udzia\u0142 muzyk\u00f3w i performer\u00f3w. Wsp\u00f3\u0142pracuj\u0119 m.in. z:\u2022 ZJ Zuzanne (Skrzypce)\u2022 Etnochowa (b\u0119bny etniczne)\u2022 Wizart (gitara elektryczna)\u2022 Elwry (performance, [&hellip;]<\/p>\n","protected":false},"author":1,"featured_media":0,"parent":0,"menu_order":0,"comment_status":"closed","ping_status":"closed","template":"","meta":{"footnotes":""},"class_list":["post-555","page","type-page","status-publish","hentry"],"_links":{"self":[{"href":"https:\/\/ritaraga.com\/index.php\/wp-json\/wp\/v2\/pages\/555","targetHints":{"allow":["GET"]}}],"collection":[{"href":"https:\/\/ritaraga.com\/index.php\/wp-json\/wp\/v2\/pages"}],"about":[{"href":"https:\/\/ritaraga.com\/index.php\/wp-json\/wp\/v2\/types\/page"}],"author":[{"embeddable":true,"href":"https:\/\/ritaraga.com\/index.php\/wp-json\/wp\/v2\/users\/1"}],"replies":[{"embeddable":true,"href":"https:\/\/ritaraga.com\/index.php\/wp-json\/wp\/v2\/comments?post=555"}],"version-history":[{"count":85,"href":"https:\/\/ritaraga.com\/index.php\/wp-json\/wp\/v2\/pages\/555\/revisions"}],"predecessor-version":[{"id":881,"href":"https:\/\/ritaraga.com\/index.php\/wp-json\/wp\/v2\/pages\/555\/revisions\/881"}],"wp:attachment":[{"href":"https:\/\/ritaraga.com\/index.php\/wp-json\/wp\/v2\/media?parent=555"}],"curies":[{"name":"wp","href":"https:\/\/api.w.org\/{rel}","templated":true}]}}