{"id":519,"date":"2025-11-18T17:57:44","date_gmt":"2025-11-18T16:57:44","guid":{"rendered":"https:\/\/ritaraga.com\/?page_id=519"},"modified":"2025-11-18T18:25:08","modified_gmt":"2025-11-18T17:25:08","slug":"dyskografia","status":"publish","type":"page","link":"https:\/\/ritaraga.com\/index.php\/dyskografia\/","title":{"rendered":"Dyskografia"},"content":{"rendered":"\t\t<div data-elementor-type=\"wp-page\" data-elementor-id=\"519\" class=\"elementor elementor-519\">\n\t\t\t\t<div class=\"elementor-element elementor-element-74b8ec3 e-flex e-con-boxed e-con e-parent\" data-id=\"74b8ec3\" data-element_type=\"container\">\n\t\t\t\t\t<div class=\"e-con-inner\">\n\t\t\t\t<div class=\"elementor-element elementor-element-41b4d4c elementor-widget elementor-widget-text-editor\" data-id=\"41b4d4c\" data-element_type=\"widget\" data-widget_type=\"text-editor.default\">\n\t\t\t\t\t\t\t\t\t<h5>Albumy studyjne<br \/>Sprawd\u017a na bandcamp: <a href=\"http:\/\/ritaraga.bandcamp.com\">ritaraga.bandcamp.com<\/a><\/h5>\t\t\t\t\t\t\t\t<\/div>\n\t\t\t\t\t<\/div>\n\t\t\t\t<\/div>\n\t\t<div class=\"elementor-element elementor-element-9b098e8 e-grid e-con-boxed e-con e-parent\" data-id=\"9b098e8\" data-element_type=\"container\">\n\t\t\t\t\t<div class=\"e-con-inner\">\n\t\t\t\t<div class=\"elementor-element elementor-element-a2e50aa elementor-widget elementor-widget-image\" data-id=\"a2e50aa\" data-element_type=\"widget\" data-widget_type=\"image.default\">\n\t\t\t\t\t\t\t\t\t\t\t\t\t\t\t<img fetchpriority=\"high\" decoding=\"async\" width=\"800\" height=\"800\" src=\"https:\/\/ritaraga.com\/wp-content\/uploads\/2025\/11\/Okladka-mini-1.jpg\" class=\"attachment-large size-large wp-image-531\" alt=\"\" srcset=\"https:\/\/ritaraga.com\/wp-content\/uploads\/2025\/11\/Okladka-mini-1.jpg 1000w, https:\/\/ritaraga.com\/wp-content\/uploads\/2025\/11\/Okladka-mini-1-300x300.jpg 300w, https:\/\/ritaraga.com\/wp-content\/uploads\/2025\/11\/Okladka-mini-1-150x150.jpg 150w, https:\/\/ritaraga.com\/wp-content\/uploads\/2025\/11\/Okladka-mini-1-768x768.jpg 768w\" sizes=\"(max-width: 800px) 100vw, 800px\" \/>\t\t\t\t\t\t\t\t\t\t\t\t\t\t\t<\/div>\n\t\t\t\t<div class=\"elementor-element elementor-element-d0ddf42 elementor-widget elementor-widget-image\" data-id=\"d0ddf42\" data-element_type=\"widget\" data-widget_type=\"image.default\">\n\t\t\t\t\t\t\t\t\t\t\t\t\t\t\t<img decoding=\"async\" width=\"700\" height=\"700\" src=\"https:\/\/ritaraga.com\/wp-content\/uploads\/2025\/11\/a0611545950_16.jpg\" class=\"attachment-large size-large wp-image-532\" alt=\"\" srcset=\"https:\/\/ritaraga.com\/wp-content\/uploads\/2025\/11\/a0611545950_16.jpg 700w, https:\/\/ritaraga.com\/wp-content\/uploads\/2025\/11\/a0611545950_16-300x300.jpg 300w, https:\/\/ritaraga.com\/wp-content\/uploads\/2025\/11\/a0611545950_16-150x150.jpg 150w\" sizes=\"(max-width: 700px) 100vw, 700px\" \/>\t\t\t\t\t\t\t\t\t\t\t\t\t\t\t<\/div>\n\t\t\t\t<div class=\"elementor-element elementor-element-6fa35b1 elementor-widget elementor-widget-image\" data-id=\"6fa35b1\" data-element_type=\"widget\" data-widget_type=\"image.default\">\n\t\t\t\t\t\t\t\t\t\t\t\t\t\t\t<img decoding=\"async\" width=\"800\" height=\"800\" src=\"https:\/\/ritaraga.com\/wp-content\/uploads\/2025\/11\/a0925136278_10-1024x1024.jpg\" class=\"attachment-large size-large wp-image-533\" alt=\"\" srcset=\"https:\/\/ritaraga.com\/wp-content\/uploads\/2025\/11\/a0925136278_10-1024x1024.jpg 1024w, https:\/\/ritaraga.com\/wp-content\/uploads\/2025\/11\/a0925136278_10-300x300.jpg 300w, https:\/\/ritaraga.com\/wp-content\/uploads\/2025\/11\/a0925136278_10-150x150.jpg 150w, https:\/\/ritaraga.com\/wp-content\/uploads\/2025\/11\/a0925136278_10-768x769.jpg 768w, https:\/\/ritaraga.com\/wp-content\/uploads\/2025\/11\/a0925136278_10.jpg 1199w\" sizes=\"(max-width: 800px) 100vw, 800px\" \/>\t\t\t\t\t\t\t\t\t\t\t\t\t\t\t<\/div>\n\t\t\t\t\t<\/div>\n\t\t\t\t<\/div>\n\t\t<div class=\"elementor-element elementor-element-55ac944 e-flex e-con-boxed e-con e-parent\" data-id=\"55ac944\" data-element_type=\"container\">\n\t\t\t\t\t<div class=\"e-con-inner\">\n\t\t\t\t<div class=\"elementor-element elementor-element-dc21fa6 elementor-widget elementor-widget-text-editor\" data-id=\"dc21fa6\" data-element_type=\"widget\" data-widget_type=\"text-editor.default\">\n\t\t\t\t\t\t\t\t\t<h5>EP wydane w Altar Records<br \/>we wsp\u00f3\u0142pracach z m.in.: Cabeiri, I.M.D., Mina, Fyre<\/h5>\t\t\t\t\t\t\t\t<\/div>\n\t\t\t\t\t<\/div>\n\t\t\t\t<\/div>\n\t\t<div class=\"elementor-element elementor-element-ea668f6 e-grid e-con-boxed e-con e-parent\" data-id=\"ea668f6\" data-element_type=\"container\">\n\t\t\t\t\t<div class=\"e-con-inner\">\n\t\t\t\t<div class=\"elementor-element elementor-element-01ef6fb elementor-widget elementor-widget-image\" data-id=\"01ef6fb\" data-element_type=\"widget\" data-widget_type=\"image.default\">\n\t\t\t\t\t\t\t\t\t\t\t\t\t\t\t<img loading=\"lazy\" decoding=\"async\" width=\"500\" height=\"500\" src=\"https:\/\/ritaraga.com\/wp-content\/uploads\/2025\/11\/artworks-tlybtJXN6LzjX6bv-P4qaIA-t500x500.jpg\" class=\"attachment-large size-large wp-image-538\" alt=\"\" srcset=\"https:\/\/ritaraga.com\/wp-content\/uploads\/2025\/11\/artworks-tlybtJXN6LzjX6bv-P4qaIA-t500x500.jpg 500w, https:\/\/ritaraga.com\/wp-content\/uploads\/2025\/11\/artworks-tlybtJXN6LzjX6bv-P4qaIA-t500x500-300x300.jpg 300w, https:\/\/ritaraga.com\/wp-content\/uploads\/2025\/11\/artworks-tlybtJXN6LzjX6bv-P4qaIA-t500x500-150x150.jpg 150w\" sizes=\"(max-width: 500px) 100vw, 500px\" \/>\t\t\t\t\t\t\t\t\t\t\t\t\t\t\t<\/div>\n\t\t\t\t<div class=\"elementor-element elementor-element-45040a7 elementor-widget elementor-widget-image\" data-id=\"45040a7\" data-element_type=\"widget\" data-widget_type=\"image.default\">\n\t\t\t\t\t\t\t\t\t\t\t\t\t\t\t<img loading=\"lazy\" decoding=\"async\" width=\"630\" height=\"630\" src=\"https:\/\/ritaraga.com\/wp-content\/uploads\/2025\/11\/1200x630bb.jpg\" class=\"attachment-large size-large wp-image-539\" alt=\"\" srcset=\"https:\/\/ritaraga.com\/wp-content\/uploads\/2025\/11\/1200x630bb.jpg 630w, https:\/\/ritaraga.com\/wp-content\/uploads\/2025\/11\/1200x630bb-300x300.jpg 300w, https:\/\/ritaraga.com\/wp-content\/uploads\/2025\/11\/1200x630bb-150x150.jpg 150w\" sizes=\"(max-width: 630px) 100vw, 630px\" \/>\t\t\t\t\t\t\t\t\t\t\t\t\t\t\t<\/div>\n\t\t\t\t<div class=\"elementor-element elementor-element-7084972 elementor-widget elementor-widget-image\" data-id=\"7084972\" data-element_type=\"widget\" data-widget_type=\"image.default\">\n\t\t\t\t\t\t\t\t\t\t\t\t\t\t\t<img loading=\"lazy\" decoding=\"async\" width=\"800\" height=\"800\" src=\"https:\/\/ritaraga.com\/wp-content\/uploads\/2025\/11\/artworks-4RwzWJMujI4WRYI4-dDDz7A-t1080x1080-1024x1024.jpg\" class=\"attachment-large size-large wp-image-540\" alt=\"\" srcset=\"https:\/\/ritaraga.com\/wp-content\/uploads\/2025\/11\/artworks-4RwzWJMujI4WRYI4-dDDz7A-t1080x1080-1024x1024.jpg 1024w, https:\/\/ritaraga.com\/wp-content\/uploads\/2025\/11\/artworks-4RwzWJMujI4WRYI4-dDDz7A-t1080x1080-300x300.jpg 300w, https:\/\/ritaraga.com\/wp-content\/uploads\/2025\/11\/artworks-4RwzWJMujI4WRYI4-dDDz7A-t1080x1080-150x150.jpg 150w, https:\/\/ritaraga.com\/wp-content\/uploads\/2025\/11\/artworks-4RwzWJMujI4WRYI4-dDDz7A-t1080x1080-768x768.jpg 768w, https:\/\/ritaraga.com\/wp-content\/uploads\/2025\/11\/artworks-4RwzWJMujI4WRYI4-dDDz7A-t1080x1080.jpg 1080w\" sizes=\"(max-width: 800px) 100vw, 800px\" \/>\t\t\t\t\t\t\t\t\t\t\t\t\t\t\t<\/div>\n\t\t\t\t\t<\/div>\n\t\t\t\t<\/div>\n\t\t<div class=\"elementor-element elementor-element-9a656b0 e-flex e-con-boxed e-con e-parent\" data-id=\"9a656b0\" data-element_type=\"container\">\n\t\t\t\t\t<div class=\"e-con-inner\">\n\t\t\t\t<div class=\"elementor-element elementor-element-7e89b72 elementor-widget elementor-widget-text-editor\" data-id=\"7e89b72\" data-element_type=\"widget\" data-widget_type=\"text-editor.default\">\n\t\t\t\t\t\t\t\t\t<h5>Inne wybrane wydania:<\/h5>\t\t\t\t\t\t\t\t<\/div>\n\t\t\t\t\t<\/div>\n\t\t\t\t<\/div>\n\t\t<div class=\"elementor-element elementor-element-c869685 e-grid e-con-boxed e-con e-parent\" data-id=\"c869685\" data-element_type=\"container\">\n\t\t\t\t\t<div class=\"e-con-inner\">\n\t\t\t\t<div class=\"elementor-element elementor-element-ca0bee9 elementor-widget elementor-widget-image\" data-id=\"ca0bee9\" data-element_type=\"widget\" data-widget_type=\"image.default\">\n\t\t\t\t\t\t\t\t\t\t\t\t\t\t\t<img loading=\"lazy\" decoding=\"async\" width=\"800\" height=\"800\" src=\"https:\/\/ritaraga.com\/wp-content\/uploads\/2025\/11\/a0852210415_10-1024x1024.jpg\" class=\"attachment-large size-large wp-image-546\" alt=\"\" srcset=\"https:\/\/ritaraga.com\/wp-content\/uploads\/2025\/11\/a0852210415_10-1024x1024.jpg 1024w, https:\/\/ritaraga.com\/wp-content\/uploads\/2025\/11\/a0852210415_10-300x300.jpg 300w, https:\/\/ritaraga.com\/wp-content\/uploads\/2025\/11\/a0852210415_10-150x150.jpg 150w, https:\/\/ritaraga.com\/wp-content\/uploads\/2025\/11\/a0852210415_10-768x768.jpg 768w, https:\/\/ritaraga.com\/wp-content\/uploads\/2025\/11\/a0852210415_10.jpg 1200w\" sizes=\"(max-width: 800px) 100vw, 800px\" \/>\t\t\t\t\t\t\t\t\t\t\t\t\t\t\t<\/div>\n\t\t\t\t<div class=\"elementor-element elementor-element-9356465 elementor-widget elementor-widget-image\" data-id=\"9356465\" data-element_type=\"widget\" data-widget_type=\"image.default\">\n\t\t\t\t\t\t\t\t\t\t\t\t\t\t\t<img loading=\"lazy\" decoding=\"async\" width=\"800\" height=\"800\" src=\"https:\/\/ritaraga.com\/wp-content\/uploads\/2025\/11\/a2939546669_10-1024x1024.jpg\" class=\"attachment-large size-large wp-image-545\" alt=\"\" srcset=\"https:\/\/ritaraga.com\/wp-content\/uploads\/2025\/11\/a2939546669_10-1024x1024.jpg 1024w, https:\/\/ritaraga.com\/wp-content\/uploads\/2025\/11\/a2939546669_10-300x300.jpg 300w, https:\/\/ritaraga.com\/wp-content\/uploads\/2025\/11\/a2939546669_10-150x150.jpg 150w, https:\/\/ritaraga.com\/wp-content\/uploads\/2025\/11\/a2939546669_10-768x768.jpg 768w, https:\/\/ritaraga.com\/wp-content\/uploads\/2025\/11\/a2939546669_10.jpg 1200w\" sizes=\"(max-width: 800px) 100vw, 800px\" \/>\t\t\t\t\t\t\t\t\t\t\t\t\t\t\t<\/div>\n\t\t\t\t<div class=\"elementor-element elementor-element-0e28f9e elementor-widget elementor-widget-image\" data-id=\"0e28f9e\" data-element_type=\"widget\" data-widget_type=\"image.default\">\n\t\t\t\t\t\t\t\t\t\t\t\t\t\t\t<img loading=\"lazy\" decoding=\"async\" width=\"500\" height=\"500\" src=\"https:\/\/ritaraga.com\/wp-content\/uploads\/2025\/11\/artworks-a27S3zA1OL8OGOvz-RCBlOQ-t500x500.jpg\" class=\"attachment-large size-large wp-image-544\" alt=\"\" srcset=\"https:\/\/ritaraga.com\/wp-content\/uploads\/2025\/11\/artworks-a27S3zA1OL8OGOvz-RCBlOQ-t500x500.jpg 500w, https:\/\/ritaraga.com\/wp-content\/uploads\/2025\/11\/artworks-a27S3zA1OL8OGOvz-RCBlOQ-t500x500-300x300.jpg 300w, https:\/\/ritaraga.com\/wp-content\/uploads\/2025\/11\/artworks-a27S3zA1OL8OGOvz-RCBlOQ-t500x500-150x150.jpg 150w\" sizes=\"(max-width: 500px) 100vw, 500px\" \/>\t\t\t\t\t\t\t\t\t\t\t\t\t\t\t<\/div>\n\t\t\t\t\t<\/div>\n\t\t\t\t<\/div>\n\t\t<div class=\"elementor-element elementor-element-facb239 e-flex e-con-boxed e-con e-parent\" data-id=\"facb239\" data-element_type=\"container\">\n\t\t\t\t\t<div class=\"e-con-inner\">\n\t\t\t\t<div class=\"elementor-element elementor-element-46faa52 elementor-widget elementor-widget-text-editor\" data-id=\"46faa52\" data-element_type=\"widget\" data-widget_type=\"text-editor.default\">\n\t\t\t\t\t\t\t\t\t<h2><strong>Kontakt:<\/strong><\/h2><h5><a href=\"mailto:rita.raga.music@gmail.com\" target=\"_blank\" rel=\"noopener\">rita.raga.music@gmail.com<\/a><\/h5><p>tel. 506 895 034<\/p><p>IG: <a href=\"http:\/\/instagram.com\/ritaragamusic\">RitaRagaMusic<\/a><br \/>FB: <a href=\"http:\/\/facebook.com\/RitaRagaMusic\">RitaRagaMusic<\/a><br \/>YT: <a href=\"http:\/\/youtube.com\/c\/RitaRaga\">RitaRaga<\/a><br \/>Spotify: <a href=\"https:\/\/open.spotify.com\/artist\/0cKwjtQrp4P1uxmRRuLpXl\">RitaRaga<\/a><br \/>Bandcamp: <a href=\"https:\/\/ritaraga.bandcamp.com\/\">RitaRaga<\/a><\/p>\t\t\t\t\t\t\t\t<\/div>\n\t\t\t\t\t<\/div>\n\t\t\t\t<\/div>\n\t\t\t\t<\/div>\n\t\t","protected":false},"excerpt":{"rendered":"<p>Albumy studyjneSprawd\u017a na bandcamp: ritaraga.bandcamp.com EP wydane w Altar Recordswe wsp\u00f3\u0142pracach z m.in.: Cabeiri, I.M.D., Mina, Fyre Inne wybrane wydania: Kontakt: rita.raga.music@gmail.com tel. 506 895 034 IG: RitaRagaMusicFB: RitaRagaMusicYT: RitaRagaSpotify: RitaRagaBandcamp: RitaRaga<\/p>\n","protected":false},"author":1,"featured_media":0,"parent":0,"menu_order":0,"comment_status":"closed","ping_status":"closed","template":"","meta":{"footnotes":""},"class_list":["post-519","page","type-page","status-publish","hentry"],"_links":{"self":[{"href":"https:\/\/ritaraga.com\/index.php\/wp-json\/wp\/v2\/pages\/519","targetHints":{"allow":["GET"]}}],"collection":[{"href":"https:\/\/ritaraga.com\/index.php\/wp-json\/wp\/v2\/pages"}],"about":[{"href":"https:\/\/ritaraga.com\/index.php\/wp-json\/wp\/v2\/types\/page"}],"author":[{"embeddable":true,"href":"https:\/\/ritaraga.com\/index.php\/wp-json\/wp\/v2\/users\/1"}],"replies":[{"embeddable":true,"href":"https:\/\/ritaraga.com\/index.php\/wp-json\/wp\/v2\/comments?post=519"}],"version-history":[{"count":13,"href":"https:\/\/ritaraga.com\/index.php\/wp-json\/wp\/v2\/pages\/519\/revisions"}],"predecessor-version":[{"id":552,"href":"https:\/\/ritaraga.com\/index.php\/wp-json\/wp\/v2\/pages\/519\/revisions\/552"}],"wp:attachment":[{"href":"https:\/\/ritaraga.com\/index.php\/wp-json\/wp\/v2\/media?parent=519"}],"curies":[{"name":"wp","href":"https:\/\/api.w.org\/{rel}","templated":true}]}}