{"id":504,"date":"2025-11-18T17:45:00","date_gmt":"2025-11-18T16:45:00","guid":{"rendered":"https:\/\/ritaraga.com\/?page_id=504"},"modified":"2026-01-20T13:36:15","modified_gmt":"2026-01-20T12:36:15","slug":"o-artystce","status":"publish","type":"page","link":"https:\/\/ritaraga.com\/index.php\/o-artystce\/","title":{"rendered":"O artystce"},"content":{"rendered":"\t\t<div data-elementor-type=\"wp-page\" data-elementor-id=\"504\" class=\"elementor elementor-504\">\n\t\t\t\t<div class=\"elementor-element elementor-element-0fd6cc3 e-flex e-con-boxed e-con e-parent\" data-id=\"0fd6cc3\" data-element_type=\"container\">\n\t\t\t\t\t<div class=\"e-con-inner\">\n\t\t\t\t<div class=\"elementor-element elementor-element-092cf0b elementor-widget elementor-widget-text-editor\" data-id=\"092cf0b\" data-element_type=\"widget\" data-widget_type=\"text-editor.default\">\n\t\t\t\t\t\t\t\t\t<div class=\"h-global-transition-all h-heading style-186 style-local-10-c5 position-relative h-element\" data-colibri-id=\"10-c5\"><div class=\"h-heading__outer style-186 style-local-10-c5\"><h5 class=\"\">O artystce<\/h5><\/div><\/div><div class=\"h-global-transition-all h-heading style-187 style-local-10-c6 position-relative h-element\" data-colibri-id=\"10-c6\"><div class=\"h-heading__outer style-187 style-local-10-c6\"><p><strong>Rita Raga \u2013 wokalistka, producent muzyczna i performerka.<\/strong> Tworzy muzyk\u0119 elektroniczn\u0105 z elementami world music, kt\u00f3ra porusza, hipnotyzuje i buduje wyj\u0105tkowy klimat.<\/p><\/div><\/div><div class=\"h-text h-text-component style-188 style-local-10-c7 position-relative h-element\" data-colibri-id=\"10-c7\"><div class=\"\"><p>Absolwentka szko\u0142y wokalno-baletowej, dyplomowana Aktorka Scen Muzycznych, II stopie\u0144 szko\u0142y muzycznej. Posiada certyfikat instruktora jogi, instruktora rytmiki, uko\u0144czy\u0142a kurs muzykoterapii.<\/p><p>Na scenie (zar\u00f3wno w formule solo act, jak i z zespo\u0142em) buduje zmys\u0142owe, pe\u0142ne emocji spektakle &#8211; g\u0142os, ruch, rytualny vibe. Jej muzyka niczym alchemia \u0142\u0105czy elementy organiczne i elektroniczne, tradycj\u0119 i nowoczesno\u015b\u0107, delikatno\u015b\u0107 i moc.\u00a0<img fetchpriority=\"high\" decoding=\"async\" class=\"alignright wp-image-77\" src=\"https:\/\/ritaraga.com\/wp-content\/uploads\/2025\/11\/494087193_1300355581853472_3157761869097775734_n-300x218.jpg\" alt=\"\" width=\"600\" height=\"437\" srcset=\"https:\/\/ritaraga.com\/wp-content\/uploads\/2025\/11\/494087193_1300355581853472_3157761869097775734_n-300x218.jpg 300w, https:\/\/ritaraga.com\/wp-content\/uploads\/2025\/11\/494087193_1300355581853472_3157761869097775734_n-1024x745.jpg 1024w, https:\/\/ritaraga.com\/wp-content\/uploads\/2025\/11\/494087193_1300355581853472_3157761869097775734_n-768x559.jpg 768w, https:\/\/ritaraga.com\/wp-content\/uploads\/2025\/11\/494087193_1300355581853472_3157761869097775734_n-1536x1118.jpg 1536w, https:\/\/ritaraga.com\/wp-content\/uploads\/2025\/11\/494087193_1300355581853472_3157761869097775734_n.jpg 1875w\" sizes=\"(max-width: 600px) 100vw, 600px\" \/><\/p><p>Wyst\u0119puje w ca\u0142ej Polsce, a tak\u017ce w Niemczech, Hiszpanii, Czechach, na W\u0119grzech, S\u0142owacji, z zespo\u0142em wyst\u0119powa\u0142a w Japonii. Pojawia si\u0119 w lokalnych i og\u00f3lnopolskich mediach, m.in. TVP2, TVP3, Radio Katowice. Jej muzyka notowana by\u0142a w plebiscycie radiowej czw\u00f3rki oraz na internetowych listach przeboj\u00f3w.<\/p><p>Ma na koncie 3 albumy studyjne, a tak\u017ce liczne EP i single wydane w mi\u0119dzynarodowych wydawnictwach, m.in. kultowym kanadyjskim Altar Records. Wsp\u00f3\u0142pracuje z uznanymi muzykami i producentami z ca\u0142ego \u015bwiata.<\/p><p>Z produkcji muzycznej szkoli\u0142a si\u0119 m.in. z Merkaba Music, bior\u0105c udzia\u0142 w warsztatach i konsultacjach indywidualnych z tw\u00f3rcami projekt\u00f3w Merkaba \/ Kalya Scintilla.<\/p><p>Na co dzie\u0144 zaanga\u017cowana w dzia\u0142alno\u015b\u0107 rozwojow\u0105 i kulturow\u0105 jako Prezes Zarz\u0105du Fundacji Flow Zone oraz Cz\u0142onkini Zarz\u0105du Stowarzyszenie Dzia\u0142a\u0144 Tw\u00f3rczych i Rozwoju &#8222;Kr\u0105g&#8221;, z kt\u00f3rym organizuje wydarzenia muzyczno-rozwojowe. Prowadzi indywidualne zaj\u0119cia pracy z g\u0142osem \u015bpiewanym i m\u00f3wionym oraz warsztaty i sesje relaksacyjne dla grup.<\/p><\/div><\/div>\t\t\t\t\t\t\t\t<\/div>\n\t\t\t\t\t<\/div>\n\t\t\t\t<\/div>\n\t\t<div class=\"elementor-element elementor-element-8504039 e-grid e-con-boxed e-con e-parent\" data-id=\"8504039\" data-element_type=\"container\">\n\t\t\t\t\t<div class=\"e-con-inner\">\n\t\t\t\t<div class=\"elementor-element elementor-element-b9fe00f elementor-widget elementor-widget-image\" data-id=\"b9fe00f\" data-element_type=\"widget\" data-widget_type=\"image.default\">\n\t\t\t\t\t\t\t\t\t\t\t\t\t\t\t<img decoding=\"async\" width=\"800\" height=\"534\" src=\"https:\/\/ritaraga.com\/wp-content\/uploads\/2025\/11\/fot-brodate-szklo-1-1024x683.jpg\" class=\"attachment-large size-large wp-image-385\" alt=\"\" srcset=\"https:\/\/ritaraga.com\/wp-content\/uploads\/2025\/11\/fot-brodate-szklo-1-1024x683.jpg 1024w, https:\/\/ritaraga.com\/wp-content\/uploads\/2025\/11\/fot-brodate-szklo-1-300x200.jpg 300w, https:\/\/ritaraga.com\/wp-content\/uploads\/2025\/11\/fot-brodate-szklo-1-768x512.jpg 768w, https:\/\/ritaraga.com\/wp-content\/uploads\/2025\/11\/fot-brodate-szklo-1-1536x1025.jpg 1536w, https:\/\/ritaraga.com\/wp-content\/uploads\/2025\/11\/fot-brodate-szklo-1.jpg 2048w\" sizes=\"(max-width: 800px) 100vw, 800px\" \/>\t\t\t\t\t\t\t\t\t\t\t\t\t\t\t<\/div>\n\t\t\t\t<div class=\"elementor-element elementor-element-8c978cf elementor-widget elementor-widget-image\" data-id=\"8c978cf\" data-element_type=\"widget\" data-widget_type=\"image.default\">\n\t\t\t\t\t\t\t\t\t\t\t\t\t\t\t<img decoding=\"async\" width=\"800\" height=\"514\" src=\"https:\/\/ritaraga.com\/wp-content\/uploads\/2025\/11\/Rita-3.png\" class=\"attachment-large size-large wp-image-386\" alt=\"\" srcset=\"https:\/\/ritaraga.com\/wp-content\/uploads\/2025\/11\/Rita-3.png 960w, https:\/\/ritaraga.com\/wp-content\/uploads\/2025\/11\/Rita-3-300x193.png 300w, https:\/\/ritaraga.com\/wp-content\/uploads\/2025\/11\/Rita-3-768x494.png 768w\" sizes=\"(max-width: 800px) 100vw, 800px\" \/>\t\t\t\t\t\t\t\t\t\t\t\t\t\t\t<\/div>\n\t\t\t\t<div class=\"elementor-element elementor-element-c50aac1 elementor-widget elementor-widget-image\" data-id=\"c50aac1\" data-element_type=\"widget\" data-widget_type=\"image.default\">\n\t\t\t\t\t\t\t\t\t\t\t\t\t\t\t<img loading=\"lazy\" decoding=\"async\" width=\"800\" height=\"534\" src=\"https:\/\/ritaraga.com\/wp-content\/uploads\/2025\/11\/492810501_1300365528519144_1221271126008082723_n-1024x683.webp\" class=\"attachment-large size-large wp-image-102\" alt=\"\" srcset=\"https:\/\/ritaraga.com\/wp-content\/uploads\/2025\/11\/492810501_1300365528519144_1221271126008082723_n-1024x683.webp 1024w, https:\/\/ritaraga.com\/wp-content\/uploads\/2025\/11\/492810501_1300365528519144_1221271126008082723_n-300x200.webp 300w, https:\/\/ritaraga.com\/wp-content\/uploads\/2025\/11\/492810501_1300365528519144_1221271126008082723_n-768x512.webp 768w, https:\/\/ritaraga.com\/wp-content\/uploads\/2025\/11\/492810501_1300365528519144_1221271126008082723_n-1536x1024.webp 1536w, https:\/\/ritaraga.com\/wp-content\/uploads\/2025\/11\/492810501_1300365528519144_1221271126008082723_n.webp 1920w\" sizes=\"(max-width: 800px) 100vw, 800px\" \/>\t\t\t\t\t\t\t\t\t\t\t\t\t\t\t<\/div>\n\t\t\t\t\t<\/div>\n\t\t\t\t<\/div>\n\t\t<div class=\"elementor-element elementor-element-ccb1187 e-grid e-con-boxed e-con e-parent\" data-id=\"ccb1187\" data-element_type=\"container\">\n\t\t\t\t\t<div class=\"e-con-inner\">\n\t\t\t\t<div class=\"elementor-element elementor-element-3fe05ed elementor-widget elementor-widget-image\" data-id=\"3fe05ed\" data-element_type=\"widget\" data-widget_type=\"image.default\">\n\t\t\t\t\t\t\t\t\t\t\t\t\t\t\t<img loading=\"lazy\" decoding=\"async\" width=\"800\" height=\"800\" src=\"https:\/\/ritaraga.com\/wp-content\/uploads\/2025\/11\/577189255_1471934874695541_4753192208389587630_n-1024x1024.jpg\" class=\"attachment-large size-large wp-image-421\" alt=\"\" srcset=\"https:\/\/ritaraga.com\/wp-content\/uploads\/2025\/11\/577189255_1471934874695541_4753192208389587630_n-1024x1024.jpg 1024w, https:\/\/ritaraga.com\/wp-content\/uploads\/2025\/11\/577189255_1471934874695541_4753192208389587630_n-300x300.jpg 300w, https:\/\/ritaraga.com\/wp-content\/uploads\/2025\/11\/577189255_1471934874695541_4753192208389587630_n-150x150.jpg 150w, https:\/\/ritaraga.com\/wp-content\/uploads\/2025\/11\/577189255_1471934874695541_4753192208389587630_n-768x768.jpg 768w, https:\/\/ritaraga.com\/wp-content\/uploads\/2025\/11\/577189255_1471934874695541_4753192208389587630_n.jpg 1440w\" sizes=\"(max-width: 800px) 100vw, 800px\" \/>\t\t\t\t\t\t\t\t\t\t\t\t\t\t\t<\/div>\n\t\t\t\t<div class=\"elementor-element elementor-element-d1b6a0c elementor-widget elementor-widget-image\" data-id=\"d1b6a0c\" data-element_type=\"widget\" data-widget_type=\"image.default\">\n\t\t\t\t\t\t\t\t\t\t\t\t\t\t\t<img decoding=\"async\" src=\"https:\/\/ritaraga.com\/wp-content\/uploads\/elementor\/thumbs\/525159615_1377990877423275_4854782524696917115_n-1-rew69jlk3unlz2qin1lsyceg2tlvcqccpoqg8daby8.jpg\" title=\"525159615_1377990877423275_4854782524696917115_n (1)\" alt=\"525159615_1377990877423275_4854782524696917115_n (1)\" loading=\"lazy\" \/>\t\t\t\t\t\t\t\t\t\t\t\t\t\t\t<\/div>\n\t\t\t\t<div class=\"elementor-element elementor-element-c17ccaa elementor-widget elementor-widget-image\" data-id=\"c17ccaa\" data-element_type=\"widget\" data-widget_type=\"image.default\">\n\t\t\t\t\t\t\t\t\t\t\t\t\t\t\t<img loading=\"lazy\" decoding=\"async\" width=\"800\" height=\"800\" src=\"https:\/\/ritaraga.com\/wp-content\/uploads\/2025\/11\/578736764_1471934911362204_159104556868102852_n-1024x1024.jpg\" class=\"attachment-large size-large wp-image-422\" alt=\"\" srcset=\"https:\/\/ritaraga.com\/wp-content\/uploads\/2025\/11\/578736764_1471934911362204_159104556868102852_n-1024x1024.jpg 1024w, https:\/\/ritaraga.com\/wp-content\/uploads\/2025\/11\/578736764_1471934911362204_159104556868102852_n-300x300.jpg 300w, https:\/\/ritaraga.com\/wp-content\/uploads\/2025\/11\/578736764_1471934911362204_159104556868102852_n-150x150.jpg 150w, https:\/\/ritaraga.com\/wp-content\/uploads\/2025\/11\/578736764_1471934911362204_159104556868102852_n-768x768.jpg 768w, https:\/\/ritaraga.com\/wp-content\/uploads\/2025\/11\/578736764_1471934911362204_159104556868102852_n.jpg 1440w\" sizes=\"(max-width: 800px) 100vw, 800px\" \/>\t\t\t\t\t\t\t\t\t\t\t\t\t\t\t<\/div>\n\t\t\t\t\t<\/div>\n\t\t\t\t<\/div>\n\t\t<div class=\"elementor-element elementor-element-857410b e-grid e-con-boxed e-con e-parent\" data-id=\"857410b\" data-element_type=\"container\">\n\t\t\t\t\t<div class=\"e-con-inner\">\n\t\t\t\t<div class=\"elementor-element elementor-element-87fec05 elementor-widget elementor-widget-image\" data-id=\"87fec05\" data-element_type=\"widget\" data-widget_type=\"image.default\">\n\t\t\t\t\t\t\t\t\t\t\t\t\t\t\t<img loading=\"lazy\" decoding=\"async\" width=\"800\" height=\"534\" src=\"https:\/\/ritaraga.com\/wp-content\/uploads\/2025\/11\/497729701_1314927650396265_5617648521133929209_n-1024x683.jpg\" class=\"attachment-large size-large wp-image-418\" alt=\"\" srcset=\"https:\/\/ritaraga.com\/wp-content\/uploads\/2025\/11\/497729701_1314927650396265_5617648521133929209_n-1024x683.jpg 1024w, https:\/\/ritaraga.com\/wp-content\/uploads\/2025\/11\/497729701_1314927650396265_5617648521133929209_n-300x200.jpg 300w, https:\/\/ritaraga.com\/wp-content\/uploads\/2025\/11\/497729701_1314927650396265_5617648521133929209_n-768x512.jpg 768w, https:\/\/ritaraga.com\/wp-content\/uploads\/2025\/11\/497729701_1314927650396265_5617648521133929209_n-1536x1024.jpg 1536w, https:\/\/ritaraga.com\/wp-content\/uploads\/2025\/11\/497729701_1314927650396265_5617648521133929209_n.jpg 2048w\" sizes=\"(max-width: 800px) 100vw, 800px\" \/>\t\t\t\t\t\t\t\t\t\t\t\t\t\t\t<\/div>\n\t\t\t\t<div class=\"elementor-element elementor-element-0092e29 elementor-widget elementor-widget-image\" data-id=\"0092e29\" data-element_type=\"widget\" data-widget_type=\"image.default\">\n\t\t\t\t\t\t\t\t\t\t\t\t\t\t\t<img decoding=\"async\" src=\"https:\/\/ritaraga.com\/wp-content\/uploads\/elementor\/thumbs\/492508863_1297133195509044_1731123862602286838_n-rew69ewd5of7z59sosilympwl2ds3l80w8yvgltsi8.jpg\" title=\"492508863_1297133195509044_1731123862602286838_n\" alt=\"492508863_1297133195509044_1731123862602286838_n\" loading=\"lazy\" \/>\t\t\t\t\t\t\t\t\t\t\t\t\t\t\t<\/div>\n\t\t\t\t<div class=\"elementor-element elementor-element-0a9e38b elementor-widget elementor-widget-image\" data-id=\"0a9e38b\" data-element_type=\"widget\" data-widget_type=\"image.default\">\n\t\t\t\t\t\t\t\t\t\t\t\t\t\t\t<img loading=\"lazy\" decoding=\"async\" width=\"800\" height=\"534\" src=\"https:\/\/ritaraga.com\/wp-content\/uploads\/2025\/11\/497132389_1314926217063075_7766583495900272732_n-1024x683.jpg\" class=\"attachment-large size-large wp-image-419\" alt=\"\" srcset=\"https:\/\/ritaraga.com\/wp-content\/uploads\/2025\/11\/497132389_1314926217063075_7766583495900272732_n-1024x683.jpg 1024w, https:\/\/ritaraga.com\/wp-content\/uploads\/2025\/11\/497132389_1314926217063075_7766583495900272732_n-300x200.jpg 300w, https:\/\/ritaraga.com\/wp-content\/uploads\/2025\/11\/497132389_1314926217063075_7766583495900272732_n-768x512.jpg 768w, https:\/\/ritaraga.com\/wp-content\/uploads\/2025\/11\/497132389_1314926217063075_7766583495900272732_n-1536x1024.jpg 1536w, https:\/\/ritaraga.com\/wp-content\/uploads\/2025\/11\/497132389_1314926217063075_7766583495900272732_n.jpg 2048w\" sizes=\"(max-width: 800px) 100vw, 800px\" \/>\t\t\t\t\t\t\t\t\t\t\t\t\t\t\t<\/div>\n\t\t\t\t\t<\/div>\n\t\t\t\t<\/div>\n\t\t<div class=\"elementor-element elementor-element-9030696 e-grid e-con-boxed e-con e-parent\" data-id=\"9030696\" data-element_type=\"container\">\n\t\t\t\t\t<div class=\"e-con-inner\">\n\t\t\t\t<div class=\"elementor-element elementor-element-0f2aee5 elementor-widget elementor-widget-text-editor\" data-id=\"0f2aee5\" data-element_type=\"widget\" data-widget_type=\"text-editor.default\">\n\t\t\t\t\t\t\t\t\t<p><strong>Wybrane wsp\u00f3\u0142prace i realizacje:<\/strong><\/p><p>\u2714 Camp Dream-Speak-Live: U\u015a i University of Texas<br \/>\u2714\u00a0Katowice Miasto Ogrod\u00f3w<br \/>\u2714\u00a0Fabryka Pe\u0142na \u017bycia<br \/>\u2714\u00a0trasa koncertowa z zespo\u0142em Echo Rodu<br \/>\u2714\u00a0Fest Festiwal<br \/>\u2714\u00a0Manipura (Teneryfa)<br \/>\u2714\u00a0Odyssee Berlin (Niemcy)<br \/>\u2714\u00a0SUN Festival (W\u0119gry)<br \/>\u2714\u00a0Shidotaira (Japonia)<\/p>\t\t\t\t\t\t\t\t<\/div>\n\t\t\t\t<div class=\"elementor-element elementor-element-243307e elementor-widget elementor-widget-text-editor\" data-id=\"243307e\" data-element_type=\"widget\" data-widget_type=\"text-editor.default\">\n\t\t\t\t\t\t\t\t\t<p><strong>Kwalifikacje:<\/strong><\/p><p>\u2714\u00a0Studium Wokalno-Baletowe przy Gliwickim Teatrze Muzycznym (II st. szko\u0142y muzycznej)<br \/>\u2714\u00a0Kurs dla nauczycieli \u015bpiewu oraz seminaria dla wokalist\u00f3w (Stowarzyszenie Mix)<br \/>\u2714\u00a0Kurs muzykoterapii<br \/>\u2714\u00a0Uprawnienia pedagogiczne\u00a0<br \/>\u2714\u00a0Certyfikat instruktora jogi oraz instruktora rytmiki<\/p>\t\t\t\t\t\t\t\t<\/div>\n\t\t\t\t\t<\/div>\n\t\t\t\t<\/div>\n\t\t<div class=\"elementor-element elementor-element-dd468c7 e-flex e-con-boxed e-con e-parent\" data-id=\"dd468c7\" data-element_type=\"container\">\n\t\t\t\t\t<div class=\"e-con-inner\">\n\t\t\t\t<div class=\"elementor-element elementor-element-90c6a81 elementor-widget elementor-widget-text-editor\" data-id=\"90c6a81\" data-element_type=\"widget\" data-widget_type=\"text-editor.default\">\n\t\t\t\t\t\t\t\t\t<h5><strong>Oferta:<\/strong><\/h5><p>\u2714 <a href=\"https:\/\/ritaraga.com\/index.php\/oferta-live-solo\/\">Live solo<\/a> &#8211; muzyka autorska i oryginalne aran\u017cacje w unikalnej oprawie wizualnej<br \/>\u2714 <a href=\"https:\/\/ritaraga.com\/index.php\/live-z-zespolem\/\">Live z zespo\u0142em<\/a> &#8211; wyst\u0119p poszerzony o udzia\u0142 muzyk\u00f3w i performer\u00f3w<br \/>\u2714 <a href=\"https:\/\/ritaraga.com\/index.php\/organizacja-wydarzen\/\">Organizacja wydarze\u0144<\/a> &#8211; eventy muzyczne, rozwojowe, okoliczno\u015bciowe, firmowe<br \/>\u2714 <a href=\"https:\/\/ritaraga.com\/index.php\/emisja-glosu-zajecia-indywidualne\/\">Studio wokalne i muzyczne<\/a> &#8211; emisja g\u0142osu, \u015bpiew, produkcja muzyczna\u00a0<br \/>\u2714 <a href=\"https:\/\/ritaraga.com\/index.php\/warsztaty\/\">Warsztaty<\/a> &#8211; praca z g\u0142osem w oparciu o muzykoterapi\u0119<br \/>\u2714 <a href=\"https:\/\/ritaraga.com\/index.php\/sesje-relaksacyjne\/\">Sesje relaksacyjne<\/a> &#8211; Relaksacja prowadzona przy d\u017awi\u0119kach muzyki i instrument\u00f3w<\/p>\t\t\t\t\t\t\t\t<\/div>\n\t\t\t\t\t<\/div>\n\t\t\t\t<\/div>\n\t\t<div class=\"elementor-element elementor-element-6397023 e-con-full e-flex e-con e-parent\" data-id=\"6397023\" data-element_type=\"container\">\n\t\t\t\t<div class=\"elementor-element elementor-element-e443a11 elementor-widget elementor-widget-text-editor\" data-id=\"e443a11\" data-element_type=\"widget\" data-widget_type=\"text-editor.default\">\n\t\t\t\t\t\t\t\t\t<h2><strong>Kontakt:<\/strong><\/h2><h5><a href=\"mailto:rita.raga.music@gmail.com\" target=\"_blank\" rel=\"noopener\">rita.raga.music@gmail.com<\/a><\/h5><p>tel. 506 895 034<\/p><p>IG: <a href=\"http:\/\/instagram.com\/ritaragamusic\">RitaRagaMusic<\/a><br \/>FB: <a href=\"http:\/\/facebook.com\/RitaRagaMusic\">RitaRagaMusic<\/a><br \/>YT: <a href=\"http:\/\/youtube.com\/c\/RitaRaga\">RitaRaga<\/a><br \/>Spotify: <a href=\"https:\/\/open.spotify.com\/artist\/0cKwjtQrp4P1uxmRRuLpXl\">RitaRaga<\/a><br \/>Bandcamp: <a href=\"https:\/\/ritaraga.bandcamp.com\/\">RitaRaga<\/a><\/p>\t\t\t\t\t\t\t\t<\/div>\n\t\t\t\t<\/div>\n\t\t\t\t<\/div>\n\t\t","protected":false},"excerpt":{"rendered":"<p>O artystce Rita Raga \u2013 wokalistka, producent muzyczna i performerka. Tworzy muzyk\u0119 elektroniczn\u0105 z elementami world music, kt\u00f3ra porusza, hipnotyzuje i buduje wyj\u0105tkowy klimat. Absolwentka szko\u0142y wokalno-baletowej, dyplomowana Aktorka Scen Muzycznych, II stopie\u0144 szko\u0142y muzycznej. Posiada certyfikat instruktora jogi, instruktora rytmiki, uko\u0144czy\u0142a kurs muzykoterapii. Na scenie (zar\u00f3wno w formule solo act, jak i z zespo\u0142em) [&hellip;]<\/p>\n","protected":false},"author":1,"featured_media":0,"parent":0,"menu_order":0,"comment_status":"closed","ping_status":"closed","template":"","meta":{"footnotes":""},"class_list":["post-504","page","type-page","status-publish","hentry"],"_links":{"self":[{"href":"https:\/\/ritaraga.com\/index.php\/wp-json\/wp\/v2\/pages\/504","targetHints":{"allow":["GET"]}}],"collection":[{"href":"https:\/\/ritaraga.com\/index.php\/wp-json\/wp\/v2\/pages"}],"about":[{"href":"https:\/\/ritaraga.com\/index.php\/wp-json\/wp\/v2\/types\/page"}],"author":[{"embeddable":true,"href":"https:\/\/ritaraga.com\/index.php\/wp-json\/wp\/v2\/users\/1"}],"replies":[{"embeddable":true,"href":"https:\/\/ritaraga.com\/index.php\/wp-json\/wp\/v2\/comments?post=504"}],"version-history":[{"count":19,"href":"https:\/\/ritaraga.com\/index.php\/wp-json\/wp\/v2\/pages\/504\/revisions"}],"predecessor-version":[{"id":949,"href":"https:\/\/ritaraga.com\/index.php\/wp-json\/wp\/v2\/pages\/504\/revisions\/949"}],"wp:attachment":[{"href":"https:\/\/ritaraga.com\/index.php\/wp-json\/wp\/v2\/media?parent=504"}],"curies":[{"name":"wp","href":"https:\/\/api.w.org\/{rel}","templated":true}]}}