{"id":495,"date":"2025-11-18T17:38:12","date_gmt":"2025-11-18T16:38:12","guid":{"rendered":"https:\/\/ritaraga.com\/?page_id=495"},"modified":"2025-11-19T12:37:28","modified_gmt":"2025-11-19T11:37:28","slug":"sesje-relaksacyjne","status":"publish","type":"page","link":"https:\/\/ritaraga.com\/index.php\/sesje-relaksacyjne\/","title":{"rendered":"Sesje relaksacyjne"},"content":{"rendered":"\t\t<div data-elementor-type=\"wp-page\" data-elementor-id=\"495\" class=\"elementor elementor-495\">\n\t\t\t\t<div class=\"elementor-element elementor-element-9573668 e-flex e-con-boxed e-con e-parent\" data-id=\"9573668\" data-element_type=\"container\">\n\t\t\t\t\t<div class=\"e-con-inner\">\n\t\t\t\t<div class=\"elementor-element elementor-element-46e6e07 elementor-widget elementor-widget-text-editor\" data-id=\"46e6e07\" data-element_type=\"widget\" data-widget_type=\"text-editor.default\">\n\t\t\t\t\t\t\t\t\t<p>Z po\u0142\u0105czenia pasji do tworzenia muzyki oraz do muzykoterapii powsta\u0142 projekt autorskich sesji prowadzonej relaksacji przy d\u017awi\u0119kach instrument\u00f3w, subtelnego wokalu i delikatnego t\u0142a w stylu ambient z d\u017awi\u0119kami natury w tle.<\/p><p>Sesje \u0142\u0105cz\u0105 elementy muzykoterapii i relaksacji. Jako certyfikowana instruktor jogi, muzykoterapii i tw\u00f3rca muzyki, prowadz\u0119 uczestnik\u00f3w w wyciszeniu cia\u0142a i umys\u0142u w celu redukcji stresu, g\u0142\u0119bokiego odpr\u0119\u017cenia i regeneracji<\/p><p>Propozycja formatu sesji:<br \/>\u2714\u00a0Czas trwania: 30\u201375 minut<br \/>\u2714\u00a0Forma: relaksacja z muzyk\u0105 na \u017cywo (instrumenty, wokal, subtelne d\u017awi\u0119ki natury)<br \/>\u2714\u00a0Mo\u017cliwo\u015b\u0107 realizacji w sali firmowej, przestrzeni eventowej lub plenerze<br \/>\u2714\u00a0Opcjonalne elementy: wprowadzenie do oddechu i kr\u00f3tkie \u0107wiczenia rozlu\u017aniaj\u0105ce<\/p><p>Korzy\u015bci dla pracownik\u00f3w i firmy:<br \/>\u2714\u00a0redukcja stresu i napi\u0119\u0107 psychofizycznych<br \/>\u2714\u00a0poprawa koncentracji i efektywno\u015bci pracy<br \/>\u2714\u00a0wsparcie w profilaktyce wypalenia zawodowego<br \/>\u2714\u00a0wzmocnienie odporno\u015bci emocjonalnej<br \/>\u2714\u00a0lepsza komunikacja i atmosfera w zespole<br \/>\u2714\u00a0wi\u0119ksze poczucie zadowolenia z pracy<\/p>\t\t\t\t\t\t\t\t<\/div>\n\t\t\t\t\t<\/div>\n\t\t\t\t<\/div>\n\t\t<div class=\"elementor-element elementor-element-e186f08 e-flex e-con-boxed e-con e-parent\" data-id=\"e186f08\" data-element_type=\"container\">\n\t\t\t\t\t<div class=\"e-con-inner\">\n\t\t\t\t<div class=\"elementor-element elementor-element-318a8cb elementor-widget elementor-widget-image\" data-id=\"318a8cb\" data-element_type=\"widget\" data-widget_type=\"image.default\">\n\t\t\t\t\t\t\t\t\t\t\t\t\t\t\t<img fetchpriority=\"high\" decoding=\"async\" width=\"800\" height=\"580\" src=\"https:\/\/ritaraga.com\/wp-content\/uploads\/2025\/11\/489791333_1284115120144185_1290574202521375854_n-1024x742.webp\" class=\"attachment-large size-large wp-image-101\" alt=\"\" srcset=\"https:\/\/ritaraga.com\/wp-content\/uploads\/2025\/11\/489791333_1284115120144185_1290574202521375854_n-1024x742.webp 1024w, https:\/\/ritaraga.com\/wp-content\/uploads\/2025\/11\/489791333_1284115120144185_1290574202521375854_n-300x217.webp 300w, https:\/\/ritaraga.com\/wp-content\/uploads\/2025\/11\/489791333_1284115120144185_1290574202521375854_n-768x557.webp 768w, https:\/\/ritaraga.com\/wp-content\/uploads\/2025\/11\/489791333_1284115120144185_1290574202521375854_n-1536x1113.webp 1536w, https:\/\/ritaraga.com\/wp-content\/uploads\/2025\/11\/489791333_1284115120144185_1290574202521375854_n.webp 1920w\" sizes=\"(max-width: 800px) 100vw, 800px\" \/>\t\t\t\t\t\t\t\t\t\t\t\t\t\t\t<\/div>\n\t\t\t\t\t<\/div>\n\t\t\t\t<\/div>\n\t\t<div class=\"elementor-element elementor-element-05d0e33 e-flex e-con-boxed e-con e-parent\" data-id=\"05d0e33\" data-element_type=\"container\">\n\t\t\t\t\t<div class=\"e-con-inner\">\n\t\t\t\t\t<\/div>\n\t\t\t\t<\/div>\n\t\t<div class=\"elementor-element elementor-element-2417973 e-flex e-con-boxed e-con e-parent\" data-id=\"2417973\" data-element_type=\"container\">\n\t\t\t\t\t<div class=\"e-con-inner\">\n\t\t\t\t<div class=\"elementor-element elementor-element-90ece37 elementor-widget elementor-widget-text-editor\" data-id=\"90ece37\" data-element_type=\"widget\" data-widget_type=\"text-editor.default\">\n\t\t\t\t\t\t\t\t\t<h2><strong>Kontakt:<\/strong><\/h2><h5><a href=\"mailto:rita.raga.music@gmail.com\" target=\"_blank\" rel=\"noopener\">rita.raga.music@gmail.com<\/a><\/h5><p>tel. 506 895 034<\/p><p>IG: <a href=\"http:\/\/instagram.com\/ritaragamusic\">RitaRagaMusic<\/a><br \/>FB: <a href=\"http:\/\/facebook.com\/RitaRagaMusic\">RitaRagaMusic<\/a><br \/>YT: <a href=\"http:\/\/youtube.com\/c\/RitaRaga\">RitaRaga<\/a><br \/>Spotify: <a href=\"https:\/\/open.spotify.com\/artist\/0cKwjtQrp4P1uxmRRuLpXl\">RitaRaga<\/a><br \/>Bandcamp: <a href=\"https:\/\/ritaraga.bandcamp.com\/\">RitaRaga<\/a><\/p>\t\t\t\t\t\t\t\t<\/div>\n\t\t\t\t\t<\/div>\n\t\t\t\t<\/div>\n\t\t\t\t<\/div>\n\t\t","protected":false},"excerpt":{"rendered":"<p>Z po\u0142\u0105czenia pasji do tworzenia muzyki oraz do muzykoterapii powsta\u0142 projekt autorskich sesji prowadzonej relaksacji przy d\u017awi\u0119kach instrument\u00f3w, subtelnego wokalu i delikatnego t\u0142a w stylu ambient z d\u017awi\u0119kami natury w tle. Sesje \u0142\u0105cz\u0105 elementy muzykoterapii i relaksacji. Jako certyfikowana instruktor jogi, muzykoterapii i tw\u00f3rca muzyki, prowadz\u0119 uczestnik\u00f3w w wyciszeniu cia\u0142a i umys\u0142u w celu redukcji [&hellip;]<\/p>\n","protected":false},"author":1,"featured_media":0,"parent":0,"menu_order":0,"comment_status":"closed","ping_status":"closed","template":"","meta":{"footnotes":""},"class_list":["post-495","page","type-page","status-publish","hentry"],"_links":{"self":[{"href":"https:\/\/ritaraga.com\/index.php\/wp-json\/wp\/v2\/pages\/495","targetHints":{"allow":["GET"]}}],"collection":[{"href":"https:\/\/ritaraga.com\/index.php\/wp-json\/wp\/v2\/pages"}],"about":[{"href":"https:\/\/ritaraga.com\/index.php\/wp-json\/wp\/v2\/types\/page"}],"author":[{"embeddable":true,"href":"https:\/\/ritaraga.com\/index.php\/wp-json\/wp\/v2\/users\/1"}],"replies":[{"embeddable":true,"href":"https:\/\/ritaraga.com\/index.php\/wp-json\/wp\/v2\/comments?post=495"}],"version-history":[{"count":7,"href":"https:\/\/ritaraga.com\/index.php\/wp-json\/wp\/v2\/pages\/495\/revisions"}],"predecessor-version":[{"id":607,"href":"https:\/\/ritaraga.com\/index.php\/wp-json\/wp\/v2\/pages\/495\/revisions\/607"}],"wp:attachment":[{"href":"https:\/\/ritaraga.com\/index.php\/wp-json\/wp\/v2\/media?parent=495"}],"curies":[{"name":"wp","href":"https:\/\/api.w.org\/{rel}","templated":true}]}}