{"id":480,"date":"2025-11-18T17:25:22","date_gmt":"2025-11-18T16:25:22","guid":{"rendered":"https:\/\/ritaraga.com\/?page_id=480"},"modified":"2025-11-19T12:36:23","modified_gmt":"2025-11-19T11:36:23","slug":"warsztaty","status":"publish","type":"page","link":"https:\/\/ritaraga.com\/index.php\/warsztaty\/","title":{"rendered":"Warsztaty"},"content":{"rendered":"\t\t<div data-elementor-type=\"wp-page\" data-elementor-id=\"480\" class=\"elementor elementor-480\">\n\t\t\t\t<div class=\"elementor-element elementor-element-e0dea5f e-flex e-con-boxed e-con e-parent\" data-id=\"e0dea5f\" data-element_type=\"container\">\n\t\t\t\t\t<div class=\"e-con-inner\">\n\t\t\t\t<div class=\"elementor-element elementor-element-2428e56 elementor-widget elementor-widget-text-editor\" data-id=\"2428e56\" data-element_type=\"widget\" data-widget_type=\"text-editor.default\">\n\t\t\t\t\t\t\t\t\t<p>Zaj\u0119cia pracy z g\u0142osem bazuj\u0105ce na muzykoterapii. <img fetchpriority=\"high\" decoding=\"async\" class=\"alignright wp-image-487 size-medium\" src=\"https:\/\/ritaraga.com\/wp-content\/uploads\/2025\/11\/470153837_122167652120050402_6277200131339110456_n-300x300.jpg\" alt=\"\" width=\"300\" height=\"300\" srcset=\"https:\/\/ritaraga.com\/wp-content\/uploads\/2025\/11\/470153837_122167652120050402_6277200131339110456_n-300x300.jpg 300w, https:\/\/ritaraga.com\/wp-content\/uploads\/2025\/11\/470153837_122167652120050402_6277200131339110456_n-1024x1024.jpg 1024w, https:\/\/ritaraga.com\/wp-content\/uploads\/2025\/11\/470153837_122167652120050402_6277200131339110456_n-150x150.jpg 150w, https:\/\/ritaraga.com\/wp-content\/uploads\/2025\/11\/470153837_122167652120050402_6277200131339110456_n-768x768.jpg 768w, https:\/\/ritaraga.com\/wp-content\/uploads\/2025\/11\/470153837_122167652120050402_6277200131339110456_n-1536x1536.jpg 1536w, https:\/\/ritaraga.com\/wp-content\/uploads\/2025\/11\/470153837_122167652120050402_6277200131339110456_n.jpg 1724w\" sizes=\"(max-width: 300px) 100vw, 300px\" \/>\u00a0Formy pracy:<br \/>\u2714 joga dla g\u0142osu<br \/>\u2714 kr\u0105g pie\u015bni<br \/>\u2714\u00a0\u015bwiadomo\u015b\u0107 g\u0142osu m\u00f3wionego<\/p><p>Warsztaty odpowiednie s\u0105 zar\u00f3wno dla doros\u0142ych, jak i dla dzieci. Prowadzi\u0142am zaj\u0119cia m.in. w ramach camp dream-speak-live organizowanym przez Uniwersytet \u015al\u0105ski we wsp\u00f3\u0142pracy z University of Texas dla dzieci z j\u0105kaniem. Ponadto mia\u0142am przyjemno\u015b\u0107 prowadzi\u0107 warsztaty dla: Katowice Miasto Ogrod\u00f3w, Festiwal Empatii, Festiwal UfBufo w Czechach i wiele innych.\u00a0<\/p><div><strong>Efekty warsztatu:\u00a0<\/strong><\/div><div>\u2714\u00a0zwi\u0119kszona \u015bwiadomo\u015b\u0107 i pewno\u015b\u0107 w\u0142asnego g\u0142osu<\/div><div>\u2714\u00a0poprawa swobody wyra\u017cania my\u015bli i emocji za po\u015brednictwem g\u0142osu\u00a0<\/div><div>\u2714\u00a0obni\u017cenie poziomu stresu<\/div><div>\u2714\u00a0poprawa kr\u0105\u017cenia i dotlenienia organizmu<\/div><div>\u2714\u00a0poprawa og\u00f3lnego samopoczucia<\/div><div>\u2714\u00a0integracja z grup\u0105<\/div><div>\u00a0<\/div><div><strong>Moje kwalifikacje:<\/strong><\/div><div>\u2714\u00a0Studium Wokalno-Baletowe przy Gliwickim Teatrze Muzycznym (II st. szko\u0142y muzycznej)<br \/>\u2714\u00a0Kurs dla nauczycieli \u015bpiewu oraz seminaria<br \/>\u2714\u00a0Uprawnienia pedagogiczne<br \/>\u2714\u00a0Certyfikat instruktora jogi oraz rytmiki<br \/>\u2714\u00a0Kurs muzykoterapii<br \/>\u2714\u00a0warsztaty z ta\u0144ca i \u015bpiewu indyjskiego<br \/>\u2714\u00a0nauczyciele: m.in. Sissy Handler, Karolina Skrzy\u0144ska, Katarzyna Broda-Firla<\/div>\t\t\t\t\t\t\t\t<\/div>\n\t\t\t\t\t<\/div>\n\t\t\t\t<\/div>\n\t\t<div class=\"elementor-element elementor-element-db385f7 e-flex e-con-boxed e-con e-parent\" data-id=\"db385f7\" data-element_type=\"container\">\n\t\t\t\t\t<div class=\"e-con-inner\">\n\t\t\t\t<div class=\"elementor-element elementor-element-c6ae0ae elementor-widget elementor-widget-image\" data-id=\"c6ae0ae\" data-element_type=\"widget\" data-widget_type=\"image.default\">\n\t\t\t\t\t\t\t\t\t\t\t\t\t\t\t<img decoding=\"async\" width=\"800\" height=\"360\" src=\"https:\/\/ritaraga.com\/wp-content\/uploads\/2025\/11\/499972189_1322175523004811_9094683439872133886_n-1024x461.jpg\" class=\"attachment-large size-large wp-image-486\" alt=\"\" srcset=\"https:\/\/ritaraga.com\/wp-content\/uploads\/2025\/11\/499972189_1322175523004811_9094683439872133886_n-1024x461.jpg 1024w, https:\/\/ritaraga.com\/wp-content\/uploads\/2025\/11\/499972189_1322175523004811_9094683439872133886_n-300x135.jpg 300w, https:\/\/ritaraga.com\/wp-content\/uploads\/2025\/11\/499972189_1322175523004811_9094683439872133886_n-768x346.jpg 768w, https:\/\/ritaraga.com\/wp-content\/uploads\/2025\/11\/499972189_1322175523004811_9094683439872133886_n.jpg 1422w\" sizes=\"(max-width: 800px) 100vw, 800px\" \/>\t\t\t\t\t\t\t\t\t\t\t\t\t\t\t<\/div>\n\t\t\t\t\t<\/div>\n\t\t\t\t<\/div>\n\t\t<div class=\"elementor-element elementor-element-3ee5791 e-flex e-con-boxed e-con e-parent\" data-id=\"3ee5791\" data-element_type=\"container\">\n\t\t\t\t\t<div class=\"e-con-inner\">\n\t\t\t\t<div class=\"elementor-element elementor-element-c181b95 elementor-widget elementor-widget-text-editor\" data-id=\"c181b95\" data-element_type=\"widget\" data-widget_type=\"text-editor.default\">\n\t\t\t\t\t\t\t\t\t<h2><strong>Kontakt:<\/strong><\/h2><h5><a href=\"mailto:rita.raga.music@gmail.com\" target=\"_blank\" rel=\"noopener\">rita.raga.music@gmail.com<\/a><\/h5><p>tel. 506 895 034<\/p><p>IG: <a href=\"http:\/\/instagram.com\/ritaragamusic\">RitaRagaMusic<\/a><br \/>FB: <a href=\"http:\/\/facebook.com\/RitaRagaMusic\">RitaRagaMusic<\/a><br \/>YT: <a href=\"http:\/\/youtube.com\/c\/RitaRaga\">RitaRaga<\/a><br \/>Spotify: <a href=\"https:\/\/open.spotify.com\/artist\/0cKwjtQrp4P1uxmRRuLpXl\">RitaRaga<\/a><br \/>Bandcamp: <a href=\"https:\/\/ritaraga.bandcamp.com\/\">RitaRaga<\/a><\/p>\t\t\t\t\t\t\t\t<\/div>\n\t\t\t\t\t<\/div>\n\t\t\t\t<\/div>\n\t\t\t\t<\/div>\n\t\t","protected":false},"excerpt":{"rendered":"<p>Zaj\u0119cia pracy z g\u0142osem bazuj\u0105ce na muzykoterapii. \u00a0Formy pracy:\u2714 joga dla g\u0142osu\u2714 kr\u0105g pie\u015bni\u2714\u00a0\u015bwiadomo\u015b\u0107 g\u0142osu m\u00f3wionego Warsztaty odpowiednie s\u0105 zar\u00f3wno dla doros\u0142ych, jak i dla dzieci. Prowadzi\u0142am zaj\u0119cia m.in. w ramach camp dream-speak-live organizowanym przez Uniwersytet \u015al\u0105ski we wsp\u00f3\u0142pracy z University of Texas dla dzieci z j\u0105kaniem. Ponadto mia\u0142am przyjemno\u015b\u0107 prowadzi\u0107 warsztaty dla: Katowice Miasto [&hellip;]<\/p>\n","protected":false},"author":1,"featured_media":0,"parent":0,"menu_order":0,"comment_status":"closed","ping_status":"closed","template":"","meta":{"footnotes":""},"class_list":["post-480","page","type-page","status-publish","hentry"],"_links":{"self":[{"href":"https:\/\/ritaraga.com\/index.php\/wp-json\/wp\/v2\/pages\/480","targetHints":{"allow":["GET"]}}],"collection":[{"href":"https:\/\/ritaraga.com\/index.php\/wp-json\/wp\/v2\/pages"}],"about":[{"href":"https:\/\/ritaraga.com\/index.php\/wp-json\/wp\/v2\/types\/page"}],"author":[{"embeddable":true,"href":"https:\/\/ritaraga.com\/index.php\/wp-json\/wp\/v2\/users\/1"}],"replies":[{"embeddable":true,"href":"https:\/\/ritaraga.com\/index.php\/wp-json\/wp\/v2\/comments?post=480"}],"version-history":[{"count":10,"href":"https:\/\/ritaraga.com\/index.php\/wp-json\/wp\/v2\/pages\/480\/revisions"}],"predecessor-version":[{"id":604,"href":"https:\/\/ritaraga.com\/index.php\/wp-json\/wp\/v2\/pages\/480\/revisions\/604"}],"wp:attachment":[{"href":"https:\/\/ritaraga.com\/index.php\/wp-json\/wp\/v2\/media?parent=480"}],"curies":[{"name":"wp","href":"https:\/\/api.w.org\/{rel}","templated":true}]}}