{"id":464,"date":"2025-11-18T17:06:35","date_gmt":"2025-11-18T16:06:35","guid":{"rendered":"https:\/\/ritaraga.com\/?page_id=464"},"modified":"2026-03-24T10:29:43","modified_gmt":"2026-03-24T09:29:43","slug":"emisja-glosu-zajecia-indywidualne","status":"publish","type":"page","link":"https:\/\/ritaraga.com\/index.php\/emisja-glosu-zajecia-indywidualne\/","title":{"rendered":"Emisja g\u0142osu &#8211; zaj\u0119cia indywidualne"},"content":{"rendered":"\t\t<div data-elementor-type=\"wp-page\" data-elementor-id=\"464\" class=\"elementor elementor-464\">\n\t\t\t\t<div class=\"elementor-element elementor-element-a5befa5 e-flex e-con-boxed e-con e-parent\" data-id=\"a5befa5\" data-element_type=\"container\">\n\t\t\t\t\t<div class=\"e-con-inner\">\n\t\t\t\t<div class=\"elementor-element elementor-element-7751575 elementor-widget elementor-widget-text-editor\" data-id=\"7751575\" data-element_type=\"widget\" data-widget_type=\"text-editor.default\">\n\t\t\t\t\t\t\t\t\t<p>Zapraszam na zaj\u0119cia ze \u015bpiewu i emisji g\u0142osu online lub w prywatnym studio (D\u0105browa G\u00f3rnicza) &#8211; praca z g\u0142osem \u015bpiewanym lub m\u00f3wionym dla dzieci w wieku szkolnym, m\u0142odzie\u017cy i doros\u0142ych.<\/p><p>Bazuj\u0119 na wsp\u00f3\u0142czesnych metodach pracy z g\u0142osem \u015bpiewanym lub m\u00f3wionym &#8211; Mix (wsp\u00f3\u0142czesne Bel Canto), SLS, koncentruj\u0105ce si\u0119 na wydobyciu naturalnego g\u0142osu, pozbawionego blokad i napi\u0119\u0107. Pracuj\u0119 r\u00f3wnie\u017c z u\u017cyciem technik relaksacyjnych pomagaj\u0105cych nabra\u0107 \u015bwiadomo\u015bci g\u0142osu, wzmocni\u0107 go bez przeci\u0105\u017cania, pozbyc si\u0119 parali\u017cuj\u0105cej tremy.<\/p><p>Zaj\u0119cia obejmuj\u0105:<br \/>\u2714 \u0107wiczenia oddechowe, relaksacyjne, dykcyjne, artykulacyjne<br \/>\u2714\u00a0interpretacj\u0119 i pomoc w doborze piosenek<br \/>\u2714 nauk\u0119 \u015bpiewu z podk\u0142adem muzycznym lub akompaniamentem\u00a0<\/p><p>Opcja dodatkowa: prywatne studio nagra\u0144, w kt\u00f3rym mo\u017cna nagra\u0107 sw\u00f3j wokal. Ponadto mo\u017cliwa jest produkcja muzyczna: opracowanie podk\u0142adu muzycznego, miks i mastering.<\/p><p>Zaj\u0119cia kieruj\u0119 zar\u00f3wno do wokalist\u00f3w do\u015bwiadczonych, pocz\u0105tkuj\u0105cych, jak i do os\u00f3b \u015bpiewaj\u0105cych w domowym zaciszu w ramach relaksu czy rozwoju osobistego &#8211; \u015bpiew i muzykowanie to wspania\u0142y spos\u00f3b na redukcj\u0119 stresu, regulacj\u0119 emocji, pog\u0142\u0119bienie oddechu, a mocny, pewny g\u0142os jest ogromnym atutem w \u017cyciu osobistym i zawodowym.<\/p><p>Osobom \u015bpiewaj\u0105cym mog\u0119 pom\u00f3c w stylach: rozrywka, klasyka, folk.<\/p><p>Moje edukacja i szkolenia:<br \/>\u2714 Wykszta\u0142cenie pedagogiczne<br \/>\u2714\u00a0 Pa\u0144stwowe Policealne Studium Wokalno-Baletowe przy Gliwickim Teatrze Muzycznym &#8211; II st. szko\u0142y muzycznej<br \/>\u2714\u00a0 Kurs dla nauczycieli \u015bpiewu oraz seminaria wokalne stowarzyszenia IVTOM i Miks<br \/>\u2714\u00a0 warsztaty z ta\u0144ca i \u015bpiewu indyjskiego z grup\u0105 Taal\u00a0<br \/>\u2714\u00a0 nauczyciele: m.in. Sissy Handler, Karolina Skrzy\u0144ska, Katarzyna Broda-Firla, Paulina Kujawska, Eva Aksamit, Krystyna Konopacka\u2013Parniewska, Marek Ziemniewicz<br \/>\u2714 ponadto jestem certyfikowan\u0105 instruktor jogi oraz rytmiki<\/p>\t\t\t\t\t\t\t\t<\/div>\n\t\t\t\t\t<\/div>\n\t\t\t\t<\/div>\n\t\t<div class=\"elementor-element elementor-element-9fb6584 e-grid e-con-boxed e-con e-parent\" data-id=\"9fb6584\" data-element_type=\"container\">\n\t\t\t\t\t<div class=\"e-con-inner\">\n\t\t\t\t<div class=\"elementor-element elementor-element-e844f68 elementor-widget elementor-widget-image\" data-id=\"e844f68\" data-element_type=\"widget\" data-widget_type=\"image.default\">\n\t\t\t\t\t\t\t\t\t\t\t\t\t\t\t<img fetchpriority=\"high\" decoding=\"async\" width=\"300\" height=\"300\" src=\"https:\/\/ritaraga.com\/wp-content\/uploads\/2025\/11\/523161715_1375045154384514_3856366808696876274_n-300x300.jpg\" class=\"attachment-medium size-medium wp-image-425\" alt=\"\" srcset=\"https:\/\/ritaraga.com\/wp-content\/uploads\/2025\/11\/523161715_1375045154384514_3856366808696876274_n-300x300.jpg 300w, https:\/\/ritaraga.com\/wp-content\/uploads\/2025\/11\/523161715_1375045154384514_3856366808696876274_n-1024x1024.jpg 1024w, https:\/\/ritaraga.com\/wp-content\/uploads\/2025\/11\/523161715_1375045154384514_3856366808696876274_n-150x150.jpg 150w, https:\/\/ritaraga.com\/wp-content\/uploads\/2025\/11\/523161715_1375045154384514_3856366808696876274_n-768x768.jpg 768w, https:\/\/ritaraga.com\/wp-content\/uploads\/2025\/11\/523161715_1375045154384514_3856366808696876274_n-1536x1536.jpg 1536w, https:\/\/ritaraga.com\/wp-content\/uploads\/2025\/11\/523161715_1375045154384514_3856366808696876274_n.jpg 1610w\" sizes=\"(max-width: 300px) 100vw, 300px\" \/>\t\t\t\t\t\t\t\t\t\t\t\t\t\t\t<\/div>\n\t\t\t\t<div class=\"elementor-element elementor-element-6f22a56 elementor-widget elementor-widget-image\" data-id=\"6f22a56\" data-element_type=\"widget\" data-widget_type=\"image.default\">\n\t\t\t\t\t\t\t\t\t\t\t\t\t\t\t<img decoding=\"async\" width=\"240\" height=\"300\" src=\"https:\/\/ritaraga.com\/wp-content\/uploads\/2025\/11\/500924089_1324060956149601_6705524298669898977_n-240x300.jpg\" class=\"attachment-medium size-medium wp-image-420\" alt=\"\" srcset=\"https:\/\/ritaraga.com\/wp-content\/uploads\/2025\/11\/500924089_1324060956149601_6705524298669898977_n-240x300.jpg 240w, https:\/\/ritaraga.com\/wp-content\/uploads\/2025\/11\/500924089_1324060956149601_6705524298669898977_n-819x1024.jpg 819w, https:\/\/ritaraga.com\/wp-content\/uploads\/2025\/11\/500924089_1324060956149601_6705524298669898977_n-768x960.jpg 768w, https:\/\/ritaraga.com\/wp-content\/uploads\/2025\/11\/500924089_1324060956149601_6705524298669898977_n.jpg 1080w\" sizes=\"(max-width: 240px) 100vw, 240px\" \/>\t\t\t\t\t\t\t\t\t\t\t\t\t\t\t<\/div>\n\t\t\t\t<div class=\"elementor-element elementor-element-32c00e2 elementor-widget elementor-widget-image\" data-id=\"32c00e2\" data-element_type=\"widget\" data-widget_type=\"image.default\">\n\t\t\t\t\t\t\t\t\t\t\t\t\t\t\t<img decoding=\"async\" width=\"300\" height=\"300\" src=\"https:\/\/ritaraga.com\/wp-content\/uploads\/2025\/11\/lekcje-spiewu-Rita-300x300.jpg\" class=\"attachment-medium size-medium wp-image-470\" alt=\"\" srcset=\"https:\/\/ritaraga.com\/wp-content\/uploads\/2025\/11\/lekcje-spiewu-Rita-300x300.jpg 300w, https:\/\/ritaraga.com\/wp-content\/uploads\/2025\/11\/lekcje-spiewu-Rita-1024x1024.jpg 1024w, https:\/\/ritaraga.com\/wp-content\/uploads\/2025\/11\/lekcje-spiewu-Rita-150x150.jpg 150w, https:\/\/ritaraga.com\/wp-content\/uploads\/2025\/11\/lekcje-spiewu-Rita-768x768.jpg 768w, https:\/\/ritaraga.com\/wp-content\/uploads\/2025\/11\/lekcje-spiewu-Rita-1536x1536.jpg 1536w, https:\/\/ritaraga.com\/wp-content\/uploads\/2025\/11\/lekcje-spiewu-Rita-2048x2048.jpg 2048w\" sizes=\"(max-width: 300px) 100vw, 300px\" \/>\t\t\t\t\t\t\t\t\t\t\t\t\t\t\t<\/div>\n\t\t\t\t\t<\/div>\n\t\t\t\t<\/div>\n\t\t<div class=\"elementor-element elementor-element-8fa1e4b e-flex e-con-boxed e-con e-parent\" data-id=\"8fa1e4b\" data-element_type=\"container\">\n\t\t\t\t\t<div class=\"e-con-inner\">\n\t\t\t\t<div class=\"elementor-element elementor-element-7b42ed2 elementor-widget elementor-widget-text-editor\" data-id=\"7b42ed2\" data-element_type=\"widget\" data-widget_type=\"text-editor.default\">\n\t\t\t\t\t\t\t\t\t<h2><strong>Kontakt:<\/strong><\/h2><h5><a href=\"mailto:rita.raga.music@gmail.com\" target=\"_blank\" rel=\"noopener\">rita.raga.music@gmail.com<\/a><\/h5><p>tel. 506 895 034<\/p><p>IG: <a href=\"http:\/\/instagram.com\/ritaragamusic\">RitaRagaMusic<\/a><br \/>FB: <a href=\"http:\/\/facebook.com\/RitaRagaMusic\">RitaRagaMusic<\/a><br \/>YT: <a href=\"http:\/\/youtube.com\/c\/RitaRaga\">RitaRaga<\/a><br \/>Spotify: <a href=\"https:\/\/open.spotify.com\/artist\/0cKwjtQrp4P1uxmRRuLpXl\">RitaRaga<\/a><br \/>Bandcamp: <a href=\"https:\/\/ritaraga.bandcamp.com\/\">RitaRaga<\/a><\/p>\t\t\t\t\t\t\t\t<\/div>\n\t\t\t\t\t<\/div>\n\t\t\t\t<\/div>\n\t\t\t\t<\/div>\n\t\t","protected":false},"excerpt":{"rendered":"<p>Zapraszam na zaj\u0119cia ze \u015bpiewu i emisji g\u0142osu online lub w prywatnym studio (D\u0105browa G\u00f3rnicza) &#8211; praca z g\u0142osem \u015bpiewanym lub m\u00f3wionym dla dzieci w wieku szkolnym, m\u0142odzie\u017cy i doros\u0142ych. Bazuj\u0119 na wsp\u00f3\u0142czesnych metodach pracy z g\u0142osem \u015bpiewanym lub m\u00f3wionym &#8211; Mix (wsp\u00f3\u0142czesne Bel Canto), SLS, koncentruj\u0105ce si\u0119 na wydobyciu naturalnego g\u0142osu, pozbawionego blokad i [&hellip;]<\/p>\n","protected":false},"author":1,"featured_media":0,"parent":0,"menu_order":0,"comment_status":"closed","ping_status":"closed","template":"","meta":{"footnotes":""},"class_list":["post-464","page","type-page","status-publish","hentry"],"_links":{"self":[{"href":"https:\/\/ritaraga.com\/index.php\/wp-json\/wp\/v2\/pages\/464","targetHints":{"allow":["GET"]}}],"collection":[{"href":"https:\/\/ritaraga.com\/index.php\/wp-json\/wp\/v2\/pages"}],"about":[{"href":"https:\/\/ritaraga.com\/index.php\/wp-json\/wp\/v2\/types\/page"}],"author":[{"embeddable":true,"href":"https:\/\/ritaraga.com\/index.php\/wp-json\/wp\/v2\/users\/1"}],"replies":[{"embeddable":true,"href":"https:\/\/ritaraga.com\/index.php\/wp-json\/wp\/v2\/comments?post=464"}],"version-history":[{"count":13,"href":"https:\/\/ritaraga.com\/index.php\/wp-json\/wp\/v2\/pages\/464\/revisions"}],"predecessor-version":[{"id":956,"href":"https:\/\/ritaraga.com\/index.php\/wp-json\/wp\/v2\/pages\/464\/revisions\/956"}],"wp:attachment":[{"href":"https:\/\/ritaraga.com\/index.php\/wp-json\/wp\/v2\/media?parent=464"}],"curies":[{"name":"wp","href":"https:\/\/api.w.org\/{rel}","templated":true}]}}