{"id":443,"date":"2025-11-18T16:39:23","date_gmt":"2025-11-18T15:39:23","guid":{"rendered":"https:\/\/ritaraga.com\/?page_id=443"},"modified":"2025-11-20T20:26:38","modified_gmt":"2025-11-20T19:26:38","slug":"organizacja-wydarzen","status":"publish","type":"page","link":"https:\/\/ritaraga.com\/index.php\/organizacja-wydarzen\/","title":{"rendered":"Organizacja wydarze\u0144"},"content":{"rendered":"\t\t<div data-elementor-type=\"wp-page\" data-elementor-id=\"443\" class=\"elementor elementor-443\">\n\t\t\t\t<div class=\"elementor-element elementor-element-a84a622 e-flex e-con-boxed e-con e-parent\" data-id=\"a84a622\" data-element_type=\"container\">\n\t\t\t\t\t<div class=\"e-con-inner\">\n\t\t\t\t<div class=\"elementor-element elementor-element-ef27126 elementor-widget elementor-widget-text-editor\" data-id=\"ef27126\" data-element_type=\"widget\" data-widget_type=\"text-editor.default\">\n\t\t\t\t\t\t\t\t\t<p>Wraz ze wsp\u00f3\u0142tworzonymi NGO: Fundacja Flow Zone oraz Stowarzyszenie Dzia\u0142a\u0144 Tw\u00f3rczych i Rozwoju Kr\u0105g, oraz we wsp\u00f3\u0142pracy z firm\u0105 <a href=\"https:\/\/misteriada.com\/oferta\">Misteriada<\/a> i Fundacj\u0105 Artystyczn\u0105 Indygo, organizujemy i obs\u0142ugujemy wydarzenia muzyczne, artystyczne i arteterapeutyczne.\u00a0<\/p><p>Zapewniamy obs\u0142ug\u0119 techniczn\u0105, logistyczn\u0105, opraw\u0119 muzyczn\u0105, artystyczn\u0105 i wizualn\u0105.\u00a0<\/p><p><span style=\"font-weight: 400;\">Dotychczas mieli\u015bmy przyjemno\u015b\u0107 wsp\u00f3\u0142pracowa\u0107 i realizowa\u0107 projekty dla:<br \/><\/span>\u2714\u00a0\u00a0Katowice Miasto Ogrod\u00f3w<br \/>\u2714\u00a0\u00a0Katowice Miasto Nauki<br \/>\u2714\u00a0\u00a0Muszlownik Murcki Festiwal<br \/>\u2714\u00a0\u00a0Fabryka Pe\u0142na \u017bycia<br \/>\u2714\u00a0\u00a0Festiwal Uroczysko<br \/>oraz liczne wydarzenia prywatne<\/p><p><strong>W ofercie:<\/strong><\/p><ul><li>kopu\u0142y geodezyjne eventowe<\/li><li>namioty eventowe<\/li><li>dekoracje artystyczne w stylu etno\/boho<\/li><li>oprawa muzyczna: DJ i muzyka na \u017cywo<\/li><li>pokazy kuglarskie, led show, fire show<\/li><li>warsztaty kuglarskie<\/li><li>animacje<\/li><li>sesje team building<\/li><li>obs\u0142uga foto i wideo<\/li><\/ul>\t\t\t\t\t\t\t\t<\/div>\n\t\t\t\t\t<\/div>\n\t\t\t\t<\/div>\n\t\t<div class=\"elementor-element elementor-element-cf59509 e-grid e-con-boxed e-con e-parent\" data-id=\"cf59509\" data-element_type=\"container\">\n\t\t\t\t\t<div class=\"e-con-inner\">\n\t\t\t\t<div class=\"elementor-element elementor-element-14b7300 elementor-widget elementor-widget-image\" data-id=\"14b7300\" data-element_type=\"widget\" data-widget_type=\"image.default\">\n\t\t\t\t\t\t\t\t\t\t\t\t\t\t\t<img fetchpriority=\"high\" decoding=\"async\" width=\"768\" height=\"999\" src=\"https:\/\/ritaraga.com\/wp-content\/uploads\/2025\/11\/574075834_122202080474050402_1450722986175507542_n-768x999-1.jpg\" class=\"attachment-large size-large wp-image-733\" alt=\"\" srcset=\"https:\/\/ritaraga.com\/wp-content\/uploads\/2025\/11\/574075834_122202080474050402_1450722986175507542_n-768x999-1.jpg 768w, https:\/\/ritaraga.com\/wp-content\/uploads\/2025\/11\/574075834_122202080474050402_1450722986175507542_n-768x999-1-231x300.jpg 231w\" sizes=\"(max-width: 768px) 100vw, 768px\" \/>\t\t\t\t\t\t\t\t\t\t\t\t\t\t\t<\/div>\n\t\t\t\t<div class=\"elementor-element elementor-element-0b11774 elementor-widget elementor-widget-image\" data-id=\"0b11774\" data-element_type=\"widget\" data-widget_type=\"image.default\">\n\t\t\t\t\t\t\t\t\t\t\t\t\t\t\t<img decoding=\"async\" width=\"768\" height=\"960\" src=\"https:\/\/ritaraga.com\/wp-content\/uploads\/2025\/11\/Untitled-Design-12-768x960-1.jpg\" class=\"attachment-large size-large wp-image-732\" alt=\"\" srcset=\"https:\/\/ritaraga.com\/wp-content\/uploads\/2025\/11\/Untitled-Design-12-768x960-1.jpg 768w, https:\/\/ritaraga.com\/wp-content\/uploads\/2025\/11\/Untitled-Design-12-768x960-1-240x300.jpg 240w\" sizes=\"(max-width: 768px) 100vw, 768px\" \/>\t\t\t\t\t\t\t\t\t\t\t\t\t\t\t<\/div>\n\t\t\t\t\t<\/div>\n\t\t\t\t<\/div>\n\t\t<div class=\"elementor-element elementor-element-cb6c76c e-flex e-con-boxed e-con e-parent\" data-id=\"cb6c76c\" data-element_type=\"container\">\n\t\t\t\t\t<div class=\"e-con-inner\">\n\t\t\t\t<div class=\"elementor-element elementor-element-25387db elementor-widget elementor-widget-image\" data-id=\"25387db\" data-element_type=\"widget\" data-widget_type=\"image.default\">\n\t\t\t\t\t\t\t\t\t\t\t\t\t\t\t<img decoding=\"async\" width=\"768\" height=\"527\" src=\"https:\/\/ritaraga.com\/wp-content\/uploads\/2025\/11\/527834418_1383409300214766_4218008733269296734_n-768x527.jpg\" class=\"attachment-medium_large size-medium_large wp-image-76\" alt=\"\" srcset=\"https:\/\/ritaraga.com\/wp-content\/uploads\/2025\/11\/527834418_1383409300214766_4218008733269296734_n-768x527.jpg 768w, https:\/\/ritaraga.com\/wp-content\/uploads\/2025\/11\/527834418_1383409300214766_4218008733269296734_n-300x206.jpg 300w, https:\/\/ritaraga.com\/wp-content\/uploads\/2025\/11\/527834418_1383409300214766_4218008733269296734_n-1024x703.jpg 1024w, https:\/\/ritaraga.com\/wp-content\/uploads\/2025\/11\/527834418_1383409300214766_4218008733269296734_n-1536x1054.jpg 1536w, https:\/\/ritaraga.com\/wp-content\/uploads\/2025\/11\/527834418_1383409300214766_4218008733269296734_n.jpg 2048w\" sizes=\"(max-width: 768px) 100vw, 768px\" \/>\t\t\t\t\t\t\t\t\t\t\t\t\t\t\t<\/div>\n\t\t\t\t\t<\/div>\n\t\t\t\t<\/div>\n\t\t<div class=\"elementor-element elementor-element-ebd8636 e-flex e-con-boxed e-con e-parent\" data-id=\"ebd8636\" data-element_type=\"container\">\n\t\t\t\t\t<div class=\"e-con-inner\">\n\t\t\t\t<div class=\"elementor-element elementor-element-605e1c6 elementor-widget elementor-widget-text-editor\" data-id=\"605e1c6\" data-element_type=\"widget\" data-widget_type=\"text-editor.default\">\n\t\t\t\t\t\t\t\t\t<h2><strong>Kontakt:<\/strong><\/h2><h5><a href=\"mailto:rita.raga.music@gmail.com\" target=\"_blank\" rel=\"noopener\">rita.raga.music@gmail.com<\/a><\/h5><p>tel. 506 895 034<\/p><p>IG: <a href=\"http:\/\/instagram.com\/ritaragamusic\">RitaRagaMusic<\/a><br \/>FB: <a href=\"http:\/\/facebook.com\/RitaRagaMusic\">RitaRagaMusic<\/a><br \/>YT: <a href=\"http:\/\/youtube.com\/c\/RitaRaga\">RitaRaga<\/a><br \/>Spotify: <a href=\"https:\/\/open.spotify.com\/artist\/0cKwjtQrp4P1uxmRRuLpXl\">RitaRaga<\/a><br \/>Bandcamp: <a href=\"https:\/\/ritaraga.bandcamp.com\/\">RitaRaga<\/a><\/p>\t\t\t\t\t\t\t\t<\/div>\n\t\t\t\t\t<\/div>\n\t\t\t\t<\/div>\n\t\t\t\t<\/div>\n\t\t","protected":false},"excerpt":{"rendered":"<p>Wraz ze wsp\u00f3\u0142tworzonymi NGO: Fundacja Flow Zone oraz Stowarzyszenie Dzia\u0142a\u0144 Tw\u00f3rczych i Rozwoju Kr\u0105g, oraz we wsp\u00f3\u0142pracy z firm\u0105 Misteriada i Fundacj\u0105 Artystyczn\u0105 Indygo, organizujemy i obs\u0142ugujemy wydarzenia muzyczne, artystyczne i arteterapeutyczne.\u00a0 Zapewniamy obs\u0142ug\u0119 techniczn\u0105, logistyczn\u0105, opraw\u0119 muzyczn\u0105, artystyczn\u0105 i wizualn\u0105.\u00a0 Dotychczas mieli\u015bmy przyjemno\u015b\u0107 wsp\u00f3\u0142pracowa\u0107 i realizowa\u0107 projekty dla:\u2714\u00a0\u00a0Katowice Miasto Ogrod\u00f3w\u2714\u00a0\u00a0Katowice Miasto Nauki\u2714\u00a0\u00a0Muszlownik Murcki Festiwal\u2714\u00a0\u00a0Fabryka [&hellip;]<\/p>\n","protected":false},"author":1,"featured_media":0,"parent":0,"menu_order":0,"comment_status":"closed","ping_status":"closed","template":"","meta":{"footnotes":""},"class_list":["post-443","page","type-page","status-publish","hentry"],"_links":{"self":[{"href":"https:\/\/ritaraga.com\/index.php\/wp-json\/wp\/v2\/pages\/443","targetHints":{"allow":["GET"]}}],"collection":[{"href":"https:\/\/ritaraga.com\/index.php\/wp-json\/wp\/v2\/pages"}],"about":[{"href":"https:\/\/ritaraga.com\/index.php\/wp-json\/wp\/v2\/types\/page"}],"author":[{"embeddable":true,"href":"https:\/\/ritaraga.com\/index.php\/wp-json\/wp\/v2\/users\/1"}],"replies":[{"embeddable":true,"href":"https:\/\/ritaraga.com\/index.php\/wp-json\/wp\/v2\/comments?post=443"}],"version-history":[{"count":16,"href":"https:\/\/ritaraga.com\/index.php\/wp-json\/wp\/v2\/pages\/443\/revisions"}],"predecessor-version":[{"id":739,"href":"https:\/\/ritaraga.com\/index.php\/wp-json\/wp\/v2\/pages\/443\/revisions\/739"}],"wp:attachment":[{"href":"https:\/\/ritaraga.com\/index.php\/wp-json\/wp\/v2\/media?parent=443"}],"curies":[{"name":"wp","href":"https:\/\/api.w.org\/{rel}","templated":true}]}}