{"id":406,"date":"2025-11-18T16:04:01","date_gmt":"2025-11-18T15:04:01","guid":{"rendered":"https:\/\/ritaraga.com\/?page_id=406"},"modified":"2025-11-18T16:36:22","modified_gmt":"2025-11-18T15:36:22","slug":"live-z-zespolem","status":"publish","type":"page","link":"https:\/\/ritaraga.com\/index.php\/live-z-zespolem\/","title":{"rendered":"Live z zespo\u0142em"},"content":{"rendered":"\t\t<div data-elementor-type=\"wp-page\" data-elementor-id=\"406\" class=\"elementor elementor-406\">\n\t\t\t\t<div class=\"elementor-element elementor-element-685e11f e-flex e-con-boxed e-con e-parent\" data-id=\"685e11f\" data-element_type=\"container\">\n\t\t\t\t\t<div class=\"e-con-inner\">\n\t\t\t\t<div class=\"elementor-element elementor-element-64ae1b8 elementor-widget elementor-widget-text-editor\" data-id=\"64ae1b8\" data-element_type=\"widget\" data-widget_type=\"text-editor.default\">\n\t\t\t\t\t\t\t\t\t<p><b>Rita Raga\u00a0<\/b>\u2013 \u015bpiewaj\u0105ca producentka muzyczna i performerka hipnotyzuj\u0105ca unikalnym po\u0142\u0105czeniem elektroniki, folku i etno. Jej muzyka zabiera w podr\u00f3\u017c przez g\u0142\u0119bi\u0119 wokalu i organicznych instrument\u00f3w przeplataj\u0105cych si\u0119 z pulsuj\u0105c\u0105 elektronik\u0105, balansuj\u0105c mi\u0119dzy etnicznymi melodiami, ambientow\u0105 przestrzeni\u0105 i g\u0142\u0119bokim groove\u2019em.\u00a0<\/p><p>Rita wsp\u00f3\u0142pracuje studyjnie i scenicznie ze utalentowanymi artystami. Wyst\u0119puje nie tylko solo, ale tak\u017ce w duecie lub trio. Aktualnie artystka wsp\u00f3\u0142pracuje z nast\u0119puj\u0105cymi muzykami i grupami performer\u00f3w:<br \/>\u2013 ZJ Zuzanne (Skrzypce)<br \/>\u2013 Etnochowa (b\u0119bny etniczne)<br \/>\u2013 Wizart (gitara elektryczna)<br \/>\u2013 Elwry (performance, led show, fire show)<\/p>\t\t\t\t\t\t\t\t<\/div>\n\t\t\t\t\t<\/div>\n\t\t\t\t<\/div>\n\t\t<div class=\"elementor-element elementor-element-9703ccb e-grid e-con-boxed e-con e-parent\" data-id=\"9703ccb\" data-element_type=\"container\">\n\t\t\t\t\t<div class=\"e-con-inner\">\n\t\t\t\t<div class=\"elementor-element elementor-element-033a4ae elementor-widget elementor-widget-image\" data-id=\"033a4ae\" data-element_type=\"widget\" data-widget_type=\"image.default\">\n\t\t\t\t\t\t\t\t\t\t\t\t\t\t\t<img fetchpriority=\"high\" decoding=\"async\" width=\"800\" height=\"565\" src=\"https:\/\/ritaraga.com\/wp-content\/uploads\/2025\/11\/493852677_1301434551745575_1340735691865727958_n-1024x723.jpg\" class=\"attachment-large size-large wp-image-413\" alt=\"\" srcset=\"https:\/\/ritaraga.com\/wp-content\/uploads\/2025\/11\/493852677_1301434551745575_1340735691865727958_n-1024x723.jpg 1024w, https:\/\/ritaraga.com\/wp-content\/uploads\/2025\/11\/493852677_1301434551745575_1340735691865727958_n-300x212.jpg 300w, https:\/\/ritaraga.com\/wp-content\/uploads\/2025\/11\/493852677_1301434551745575_1340735691865727958_n-768x543.jpg 768w, https:\/\/ritaraga.com\/wp-content\/uploads\/2025\/11\/493852677_1301434551745575_1340735691865727958_n.jpg 1080w\" sizes=\"(max-width: 800px) 100vw, 800px\" \/>\t\t\t\t\t\t\t\t\t\t\t\t\t\t\t<\/div>\n\t\t\t\t<div class=\"elementor-element elementor-element-921aad2 elementor-widget elementor-widget-image\" data-id=\"921aad2\" data-element_type=\"widget\" data-widget_type=\"image.default\">\n\t\t\t\t\t\t\t\t\t\t\t\t\t\t\t<img decoding=\"async\" width=\"800\" height=\"531\" src=\"https:\/\/ritaraga.com\/wp-content\/uploads\/2025\/11\/493546198_1296786388877058_5978027257007620764_n-1024x680.jpg\" class=\"attachment-large size-large wp-image-415\" alt=\"\" srcset=\"https:\/\/ritaraga.com\/wp-content\/uploads\/2025\/11\/493546198_1296786388877058_5978027257007620764_n-1024x680.jpg 1024w, https:\/\/ritaraga.com\/wp-content\/uploads\/2025\/11\/493546198_1296786388877058_5978027257007620764_n-300x199.jpg 300w, https:\/\/ritaraga.com\/wp-content\/uploads\/2025\/11\/493546198_1296786388877058_5978027257007620764_n-768x510.jpg 768w, https:\/\/ritaraga.com\/wp-content\/uploads\/2025\/11\/493546198_1296786388877058_5978027257007620764_n-1536x1020.jpg 1536w, https:\/\/ritaraga.com\/wp-content\/uploads\/2025\/11\/493546198_1296786388877058_5978027257007620764_n.jpg 2001w\" sizes=\"(max-width: 800px) 100vw, 800px\" \/>\t\t\t\t\t\t\t\t\t\t\t\t\t\t\t<\/div>\n\t\t\t\t<div class=\"elementor-element elementor-element-36c33e4 elementor-widget elementor-widget-image\" data-id=\"36c33e4\" data-element_type=\"widget\" data-widget_type=\"image.default\">\n\t\t\t\t\t\t\t\t\t\t\t\t\t\t\t<img decoding=\"async\" width=\"800\" height=\"575\" src=\"https:\/\/ritaraga.com\/wp-content\/uploads\/2025\/11\/491950176_1291384139417283_8190132779394758505_n-1024x736.jpg\" class=\"attachment-large size-large wp-image-414\" alt=\"\" srcset=\"https:\/\/ritaraga.com\/wp-content\/uploads\/2025\/11\/491950176_1291384139417283_8190132779394758505_n-1024x736.jpg 1024w, https:\/\/ritaraga.com\/wp-content\/uploads\/2025\/11\/491950176_1291384139417283_8190132779394758505_n-300x216.jpg 300w, https:\/\/ritaraga.com\/wp-content\/uploads\/2025\/11\/491950176_1291384139417283_8190132779394758505_n-768x552.jpg 768w, https:\/\/ritaraga.com\/wp-content\/uploads\/2025\/11\/491950176_1291384139417283_8190132779394758505_n.jpg 1503w\" sizes=\"(max-width: 800px) 100vw, 800px\" \/>\t\t\t\t\t\t\t\t\t\t\t\t\t\t\t<\/div>\n\t\t\t\t\t<\/div>\n\t\t\t\t<\/div>\n\t\t<div class=\"elementor-element elementor-element-4f522cc e-grid e-con-boxed e-con e-parent\" data-id=\"4f522cc\" data-element_type=\"container\">\n\t\t\t\t\t<div class=\"e-con-inner\">\n\t\t\t\t<div class=\"elementor-element elementor-element-dcf1222 elementor-widget elementor-widget-image\" data-id=\"dcf1222\" data-element_type=\"widget\" data-widget_type=\"image.default\">\n\t\t\t\t\t\t\t\t\t\t\t\t\t\t\t<img loading=\"lazy\" decoding=\"async\" width=\"768\" height=\"768\" src=\"https:\/\/ritaraga.com\/wp-content\/uploads\/2025\/11\/515576732_1356930592862637_1671168086947995829_n-768x768.jpg\" class=\"attachment-medium_large size-medium_large wp-image-423\" alt=\"\" srcset=\"https:\/\/ritaraga.com\/wp-content\/uploads\/2025\/11\/515576732_1356930592862637_1671168086947995829_n-768x768.jpg 768w, https:\/\/ritaraga.com\/wp-content\/uploads\/2025\/11\/515576732_1356930592862637_1671168086947995829_n-300x300.jpg 300w, https:\/\/ritaraga.com\/wp-content\/uploads\/2025\/11\/515576732_1356930592862637_1671168086947995829_n-1024x1024.jpg 1024w, https:\/\/ritaraga.com\/wp-content\/uploads\/2025\/11\/515576732_1356930592862637_1671168086947995829_n-150x150.jpg 150w, https:\/\/ritaraga.com\/wp-content\/uploads\/2025\/11\/515576732_1356930592862637_1671168086947995829_n-1536x1536.jpg 1536w, https:\/\/ritaraga.com\/wp-content\/uploads\/2025\/11\/515576732_1356930592862637_1671168086947995829_n.jpg 2048w\" sizes=\"(max-width: 768px) 100vw, 768px\" \/>\t\t\t\t\t\t\t\t\t\t\t\t\t\t\t<\/div>\n\t\t\t\t<div class=\"elementor-element elementor-element-b630612 elementor-widget elementor-widget-image\" data-id=\"b630612\" data-element_type=\"widget\" data-widget_type=\"image.default\">\n\t\t\t\t\t\t\t\t\t\t\t\t\t\t\t<img loading=\"lazy\" decoding=\"async\" width=\"768\" height=\"767\" src=\"https:\/\/ritaraga.com\/wp-content\/uploads\/2025\/11\/PSX_20250707_1457481-768x767.jpg\" class=\"attachment-medium_large size-medium_large wp-image-426\" alt=\"\" srcset=\"https:\/\/ritaraga.com\/wp-content\/uploads\/2025\/11\/PSX_20250707_1457481-768x767.jpg 768w, https:\/\/ritaraga.com\/wp-content\/uploads\/2025\/11\/PSX_20250707_1457481-300x300.jpg 300w, https:\/\/ritaraga.com\/wp-content\/uploads\/2025\/11\/PSX_20250707_1457481-1024x1024.jpg 1024w, https:\/\/ritaraga.com\/wp-content\/uploads\/2025\/11\/PSX_20250707_1457481-150x150.jpg 150w, https:\/\/ritaraga.com\/wp-content\/uploads\/2025\/11\/PSX_20250707_1457481-1536x1536.jpg 1536w, https:\/\/ritaraga.com\/wp-content\/uploads\/2025\/11\/PSX_20250707_1457481-2048x2046.jpg 2048w\" sizes=\"(max-width: 768px) 100vw, 768px\" \/>\t\t\t\t\t\t\t\t\t\t\t\t\t\t\t<\/div>\n\t\t\t\t\t<\/div>\n\t\t\t\t<\/div>\n\t\t<div class=\"elementor-element elementor-element-ec0fe5c e-flex e-con-boxed e-con e-parent\" data-id=\"ec0fe5c\" data-element_type=\"container\">\n\t\t\t\t\t<div class=\"e-con-inner\">\n\t\t\t\t<div class=\"elementor-element elementor-element-16f8812 elementor-widget elementor-widget-text-editor\" data-id=\"16f8812\" data-element_type=\"widget\" data-widget_type=\"text-editor.default\">\n\t\t\t\t\t\t\t\t\t<h2><strong>Kontakt:<\/strong><\/h2><h5><a href=\"mailto:rita.raga.music@gmail.com\" target=\"_blank\" rel=\"noopener\">rita.raga.music@gmail.com<\/a><\/h5><p>tel. 506 895 034<\/p><p>IG: <a href=\"http:\/\/instagram.com\/ritaragamusic\">RitaRagaMusic<\/a><br \/>FB: <a href=\"http:\/\/facebook.com\/RitaRagaMusic\">RitaRagaMusic<\/a><br \/>YT: <a href=\"http:\/\/youtube.com\/c\/RitaRaga\">RitaRaga<\/a><br \/>Spotify: <a href=\"https:\/\/open.spotify.com\/artist\/0cKwjtQrp4P1uxmRRuLpXl\">RitaRaga<\/a><br \/>Bandcamp: <a href=\"https:\/\/ritaraga.bandcamp.com\/\">RitaRaga<\/a><\/p>\t\t\t\t\t\t\t\t<\/div>\n\t\t\t\t\t<\/div>\n\t\t\t\t<\/div>\n\t\t\t\t<\/div>\n\t\t","protected":false},"excerpt":{"rendered":"<p>Rita Raga\u00a0\u2013 \u015bpiewaj\u0105ca producentka muzyczna i performerka hipnotyzuj\u0105ca unikalnym po\u0142\u0105czeniem elektroniki, folku i etno. Jej muzyka zabiera w podr\u00f3\u017c przez g\u0142\u0119bi\u0119 wokalu i organicznych instrument\u00f3w przeplataj\u0105cych si\u0119 z pulsuj\u0105c\u0105 elektronik\u0105, balansuj\u0105c mi\u0119dzy etnicznymi melodiami, ambientow\u0105 przestrzeni\u0105 i g\u0142\u0119bokim groove\u2019em.\u00a0 Rita wsp\u00f3\u0142pracuje studyjnie i scenicznie ze utalentowanymi artystami. Wyst\u0119puje nie tylko solo, ale tak\u017ce w duecie [&hellip;]<\/p>\n","protected":false},"author":1,"featured_media":0,"parent":0,"menu_order":0,"comment_status":"closed","ping_status":"closed","template":"","meta":{"footnotes":""},"class_list":["post-406","page","type-page","status-publish","hentry"],"_links":{"self":[{"href":"https:\/\/ritaraga.com\/index.php\/wp-json\/wp\/v2\/pages\/406","targetHints":{"allow":["GET"]}}],"collection":[{"href":"https:\/\/ritaraga.com\/index.php\/wp-json\/wp\/v2\/pages"}],"about":[{"href":"https:\/\/ritaraga.com\/index.php\/wp-json\/wp\/v2\/types\/page"}],"author":[{"embeddable":true,"href":"https:\/\/ritaraga.com\/index.php\/wp-json\/wp\/v2\/users\/1"}],"replies":[{"embeddable":true,"href":"https:\/\/ritaraga.com\/index.php\/wp-json\/wp\/v2\/comments?post=406"}],"version-history":[{"count":10,"href":"https:\/\/ritaraga.com\/index.php\/wp-json\/wp\/v2\/pages\/406\/revisions"}],"predecessor-version":[{"id":436,"href":"https:\/\/ritaraga.com\/index.php\/wp-json\/wp\/v2\/pages\/406\/revisions\/436"}],"wp:attachment":[{"href":"https:\/\/ritaraga.com\/index.php\/wp-json\/wp\/v2\/media?parent=406"}],"curies":[{"name":"wp","href":"https:\/\/api.w.org\/{rel}","templated":true}]}}