{"id":379,"date":"2025-11-18T13:00:52","date_gmt":"2025-11-18T12:00:52","guid":{"rendered":"https:\/\/ritaraga.com\/?page_id=379"},"modified":"2025-11-18T17:01:06","modified_gmt":"2025-11-18T16:01:06","slug":"oferta-live-solo","status":"publish","type":"page","link":"https:\/\/ritaraga.com\/index.php\/oferta-live-solo\/","title":{"rendered":"Oferta: live solo"},"content":{"rendered":"\t\t<div data-elementor-type=\"wp-page\" data-elementor-id=\"379\" class=\"elementor elementor-379\">\n\t\t\t\t<div class=\"elementor-element elementor-element-9f46874 e-flex e-con-boxed e-con e-parent\" data-id=\"9f46874\" data-element_type=\"container\">\n\t\t\t\t\t<div class=\"e-con-inner\">\n\t\t\t\t<div class=\"elementor-element elementor-element-bc8106c elementor-widget elementor-widget-text-editor\" data-id=\"bc8106c\" data-element_type=\"widget\" data-widget_type=\"text-editor.default\">\n\t\t\t\t\t\t\t\t\t<p><i><span style=\"font-weight: 400;\">Zanurz si\u0119 w d\u017awi\u0119kach, kt\u00f3re otwieraj\u0105 serce i poruszaj\u0105 cia\u0142o<\/span><\/i><\/p><p><b>Rita Raga <\/b><span style=\"font-weight: 400;\">\u2013 \u015bpiewaj\u0105ca producentka muzyczna i performerka hipnotyzuj\u0105ca unikalnym po\u0142\u0105czeniem elektroniki, folku i etno. Jej muzyka zabiera w podr\u00f3\u017c przez g\u0142\u0119bi\u0119 wokalu i organicznych instrument\u00f3w przeplataj\u0105cych si\u0119 z pulsuj\u0105c\u0105 elektronik\u0105, balansuj\u0105c mi\u0119dzy etnicznymi melodiami, ambientow\u0105 przestrzeni\u0105 i g\u0142\u0119bokim groove\u2019em.\u00a0<\/span><\/p><p><span style=\"font-weight: 400;\">Na scenie (zar\u00f3wno w formule solo act, jak i z zespo\u0142em) buduje zmys\u0142owe, pe\u0142ne emocji spektakle &#8211; g\u0142os, ruch, rytualny vibe. Wyst\u0119powa\u0142a na festiwalach i w muzycznych klubach w ca\u0142ej Polsce<\/span><span style=\"font-weight: 400;\">, w Hiszpanii, w Niemczech, w Czechach, na S\u0142owacji, na W\u0119grzech, a tak\u017ce wyst\u0119powa\u0142a w Japonii.\u00a0<\/span><\/p><p><span style=\"font-weight: 400;\">Ma na koncie 3 EPki nak\u0142adem kultowego kanadyjskiego Altar Records we wsp\u00f3\u0142pracy z uznanymi artystami takimi jak Cabeiri, I.M.D., Mina, Fyre, a tak\u017ce EP w Melusine Records i Synchronos Recordings, a tak\u017ce liczne single na kompilacjach obok uznanych artyst\u00f3w (Pleiadians, <\/span><span style=\"font-weight: 400;\">ManMadeMan, Rigel, I.M.D).<\/span><span style=\"font-weight: 400;\">\u00a0<\/span><\/p><p><span style=\"font-weight: 400;\">Z produkcji muzycznej szkoli\u0142a si\u0119 <\/span><span style=\"font-weight: 400;\">m.in<\/span><span style=\"font-weight: 400;\">. z Merkaba Music, bior\u0105c udzia\u0142 w warsztatach i konsultacjach indywidualnych z tw\u00f3rcami projekt\u00f3w Merkaba \/ Kalya Scintilla i Lo.Renzo.<\/span><\/p>\t\t\t\t\t\t\t\t<\/div>\n\t\t\t\t\t<\/div>\n\t\t\t\t<\/div>\n\t\t<div class=\"elementor-element elementor-element-038c184 e-grid e-con-boxed e-con e-parent\" data-id=\"038c184\" data-element_type=\"container\">\n\t\t\t\t\t<div class=\"e-con-inner\">\n\t\t\t\t<div class=\"elementor-element elementor-element-d9b1be7 elementor-widget elementor-widget-image\" data-id=\"d9b1be7\" data-element_type=\"widget\" data-widget_type=\"image.default\">\n\t\t\t\t\t\t\t\t\t\t\t\t\t\t\t<img fetchpriority=\"high\" decoding=\"async\" width=\"800\" height=\"534\" src=\"https:\/\/ritaraga.com\/wp-content\/uploads\/2025\/11\/fot-brodate-szklo-1-1024x683.jpg\" class=\"attachment-large size-large wp-image-385\" alt=\"\" srcset=\"https:\/\/ritaraga.com\/wp-content\/uploads\/2025\/11\/fot-brodate-szklo-1-1024x683.jpg 1024w, https:\/\/ritaraga.com\/wp-content\/uploads\/2025\/11\/fot-brodate-szklo-1-300x200.jpg 300w, https:\/\/ritaraga.com\/wp-content\/uploads\/2025\/11\/fot-brodate-szklo-1-768x512.jpg 768w, https:\/\/ritaraga.com\/wp-content\/uploads\/2025\/11\/fot-brodate-szklo-1-1536x1025.jpg 1536w, https:\/\/ritaraga.com\/wp-content\/uploads\/2025\/11\/fot-brodate-szklo-1.jpg 2048w\" sizes=\"(max-width: 800px) 100vw, 800px\" \/>\t\t\t\t\t\t\t\t\t\t\t\t\t\t\t<\/div>\n\t\t\t\t<div class=\"elementor-element elementor-element-4f29d79 elementor-widget elementor-widget-image\" data-id=\"4f29d79\" data-element_type=\"widget\" data-widget_type=\"image.default\">\n\t\t\t\t\t\t\t\t\t\t\t\t\t\t\t<img decoding=\"async\" width=\"800\" height=\"552\" src=\"https:\/\/ritaraga.com\/wp-content\/uploads\/2025\/11\/512468778_723039543924438_2905828341818488210_n-1024x706.jpg\" class=\"attachment-large size-large wp-image-387\" alt=\"\" srcset=\"https:\/\/ritaraga.com\/wp-content\/uploads\/2025\/11\/512468778_723039543924438_2905828341818488210_n-1024x706.jpg 1024w, https:\/\/ritaraga.com\/wp-content\/uploads\/2025\/11\/512468778_723039543924438_2905828341818488210_n-300x207.jpg 300w, https:\/\/ritaraga.com\/wp-content\/uploads\/2025\/11\/512468778_723039543924438_2905828341818488210_n-768x529.jpg 768w, https:\/\/ritaraga.com\/wp-content\/uploads\/2025\/11\/512468778_723039543924438_2905828341818488210_n-1536x1059.jpg 1536w, https:\/\/ritaraga.com\/wp-content\/uploads\/2025\/11\/512468778_723039543924438_2905828341818488210_n.jpg 1909w\" sizes=\"(max-width: 800px) 100vw, 800px\" \/>\t\t\t\t\t\t\t\t\t\t\t\t\t\t\t<\/div>\n\t\t\t\t<div class=\"elementor-element elementor-element-10313eb elementor-widget elementor-widget-image\" data-id=\"10313eb\" data-element_type=\"widget\" data-widget_type=\"image.default\">\n\t\t\t\t\t\t\t\t\t\t\t\t\t\t\t<img decoding=\"async\" width=\"800\" height=\"534\" src=\"https:\/\/ritaraga.com\/wp-content\/uploads\/2025\/11\/492810501_1300365528519144_1221271126008082723_n-1024x683.webp\" class=\"attachment-large size-large wp-image-102\" alt=\"\" srcset=\"https:\/\/ritaraga.com\/wp-content\/uploads\/2025\/11\/492810501_1300365528519144_1221271126008082723_n-1024x683.webp 1024w, https:\/\/ritaraga.com\/wp-content\/uploads\/2025\/11\/492810501_1300365528519144_1221271126008082723_n-300x200.webp 300w, https:\/\/ritaraga.com\/wp-content\/uploads\/2025\/11\/492810501_1300365528519144_1221271126008082723_n-768x512.webp 768w, https:\/\/ritaraga.com\/wp-content\/uploads\/2025\/11\/492810501_1300365528519144_1221271126008082723_n-1536x1024.webp 1536w, https:\/\/ritaraga.com\/wp-content\/uploads\/2025\/11\/492810501_1300365528519144_1221271126008082723_n.webp 1920w\" sizes=\"(max-width: 800px) 100vw, 800px\" \/>\t\t\t\t\t\t\t\t\t\t\t\t\t\t\t<\/div>\n\t\t\t\t<div class=\"elementor-element elementor-element-9890370 elementor-widget elementor-widget-image\" data-id=\"9890370\" data-element_type=\"widget\" data-widget_type=\"image.default\">\n\t\t\t\t\t\t\t\t\t\t\t\t\t\t\t<img loading=\"lazy\" decoding=\"async\" width=\"800\" height=\"580\" src=\"https:\/\/ritaraga.com\/wp-content\/uploads\/2025\/11\/489791333_1284115120144185_1290574202521375854_n-1024x742.webp\" class=\"attachment-large size-large wp-image-101\" alt=\"\" srcset=\"https:\/\/ritaraga.com\/wp-content\/uploads\/2025\/11\/489791333_1284115120144185_1290574202521375854_n-1024x742.webp 1024w, https:\/\/ritaraga.com\/wp-content\/uploads\/2025\/11\/489791333_1284115120144185_1290574202521375854_n-300x217.webp 300w, https:\/\/ritaraga.com\/wp-content\/uploads\/2025\/11\/489791333_1284115120144185_1290574202521375854_n-768x557.webp 768w, https:\/\/ritaraga.com\/wp-content\/uploads\/2025\/11\/489791333_1284115120144185_1290574202521375854_n-1536x1113.webp 1536w, https:\/\/ritaraga.com\/wp-content\/uploads\/2025\/11\/489791333_1284115120144185_1290574202521375854_n.webp 1920w\" sizes=\"(max-width: 800px) 100vw, 800px\" \/>\t\t\t\t\t\t\t\t\t\t\t\t\t\t\t<\/div>\n\t\t\t\t<div class=\"elementor-element elementor-element-a8bcb8c elementor-widget elementor-widget-image\" data-id=\"a8bcb8c\" data-element_type=\"widget\" data-widget_type=\"image.default\">\n\t\t\t\t\t\t\t\t\t\t\t\t\t\t\t<img loading=\"lazy\" decoding=\"async\" width=\"800\" height=\"514\" src=\"https:\/\/ritaraga.com\/wp-content\/uploads\/2025\/11\/Rita-3.png\" class=\"attachment-large size-large wp-image-386\" alt=\"\" srcset=\"https:\/\/ritaraga.com\/wp-content\/uploads\/2025\/11\/Rita-3.png 960w, https:\/\/ritaraga.com\/wp-content\/uploads\/2025\/11\/Rita-3-300x193.png 300w, https:\/\/ritaraga.com\/wp-content\/uploads\/2025\/11\/Rita-3-768x494.png 768w\" sizes=\"(max-width: 800px) 100vw, 800px\" \/>\t\t\t\t\t\t\t\t\t\t\t\t\t\t\t<\/div>\n\t\t\t\t<div class=\"elementor-element elementor-element-b0eda57 elementor-widget elementor-widget-image\" data-id=\"b0eda57\" data-element_type=\"widget\" data-widget_type=\"image.default\">\n\t\t\t\t\t\t\t\t\t\t\t\t\t\t\t<img loading=\"lazy\" decoding=\"async\" width=\"800\" height=\"582\" src=\"https:\/\/ritaraga.com\/wp-content\/uploads\/2025\/11\/494087193_1300355581853472_3157761869097775734_n-1024x745.jpg\" class=\"attachment-large size-large wp-image-77\" alt=\"\" srcset=\"https:\/\/ritaraga.com\/wp-content\/uploads\/2025\/11\/494087193_1300355581853472_3157761869097775734_n-1024x745.jpg 1024w, https:\/\/ritaraga.com\/wp-content\/uploads\/2025\/11\/494087193_1300355581853472_3157761869097775734_n-300x218.jpg 300w, https:\/\/ritaraga.com\/wp-content\/uploads\/2025\/11\/494087193_1300355581853472_3157761869097775734_n-768x559.jpg 768w, https:\/\/ritaraga.com\/wp-content\/uploads\/2025\/11\/494087193_1300355581853472_3157761869097775734_n-1536x1118.jpg 1536w, https:\/\/ritaraga.com\/wp-content\/uploads\/2025\/11\/494087193_1300355581853472_3157761869097775734_n.jpg 1875w\" sizes=\"(max-width: 800px) 100vw, 800px\" \/>\t\t\t\t\t\t\t\t\t\t\t\t\t\t\t<\/div>\n\t\t\t\t\t<\/div>\n\t\t\t\t<\/div>\n\t\t<div class=\"elementor-element elementor-element-ae3713c e-flex e-con-boxed e-con e-parent\" data-id=\"ae3713c\" data-element_type=\"container\">\n\t\t\t\t\t<div class=\"e-con-inner\">\n\t\t\t\t<div class=\"elementor-element elementor-element-ecc7fa3 elementor-widget elementor-widget-text-editor\" data-id=\"ecc7fa3\" data-element_type=\"widget\" data-widget_type=\"text-editor.default\">\n\t\t\t\t\t\t\t\t\t<p><strong>Oferta:<\/strong><\/p><p>\u2714 Koncert: festiwal, klub muzyczny, klubokawiarnia<\/p><p>\u2714 Ecstatic dance: sale warsztatowe, festiwale rozwojowe<\/p><p>\u2714 Oprawa muzyczna: eventy firmowe, spotkania integracyjne, wydarzenia plenerowe<br \/><br \/><\/p>\t\t\t\t\t\t\t\t<\/div>\n\t\t\t\t\t<\/div>\n\t\t\t\t<\/div>\n\t\t<div class=\"elementor-element elementor-element-913ee5f e-flex e-con-boxed e-con e-parent\" data-id=\"913ee5f\" data-element_type=\"container\">\n\t\t\t\t\t<div class=\"e-con-inner\">\n\t\t\t\t<div class=\"elementor-element elementor-element-2c68795 elementor-widget elementor-widget-text-editor\" data-id=\"2c68795\" data-element_type=\"widget\" data-widget_type=\"text-editor.default\">\n\t\t\t\t\t\t\t\t\t<h2><strong>Kontakt:<\/strong><\/h2><h5><a href=\"mailto:rita.raga.music@gmail.com\" target=\"_blank\" rel=\"noopener\">rita.raga.music@gmail.com<\/a><\/h5><p>tel. 506 895 034<\/p><p>IG: <a href=\"http:\/\/instagram.com\/ritaragamusic\">RitaRagaMusic<\/a><br \/>FB: <a href=\"http:\/\/facebook.com\/RitaRagaMusic\">RitaRagaMusic<\/a><br \/>YT: <a href=\"http:\/\/youtube.com\/c\/RitaRaga\">RitaRaga<\/a><br \/>Spotify: <a href=\"https:\/\/open.spotify.com\/artist\/0cKwjtQrp4P1uxmRRuLpXl\">RitaRaga<\/a><br \/>Bandcamp: <a href=\"https:\/\/ritaraga.bandcamp.com\/\">RitaRaga<\/a><\/p>\t\t\t\t\t\t\t\t<\/div>\n\t\t\t\t\t<\/div>\n\t\t\t\t<\/div>\n\t\t\t\t<\/div>\n\t\t","protected":false},"excerpt":{"rendered":"<p>Zanurz si\u0119 w d\u017awi\u0119kach, kt\u00f3re otwieraj\u0105 serce i poruszaj\u0105 cia\u0142o Rita Raga \u2013 \u015bpiewaj\u0105ca producentka muzyczna i performerka hipnotyzuj\u0105ca unikalnym po\u0142\u0105czeniem elektroniki, folku i etno. Jej muzyka zabiera w podr\u00f3\u017c przez g\u0142\u0119bi\u0119 wokalu i organicznych instrument\u00f3w przeplataj\u0105cych si\u0119 z pulsuj\u0105c\u0105 elektronik\u0105, balansuj\u0105c mi\u0119dzy etnicznymi melodiami, ambientow\u0105 przestrzeni\u0105 i g\u0142\u0119bokim groove\u2019em.\u00a0 Na scenie (zar\u00f3wno w formule [&hellip;]<\/p>\n","protected":false},"author":1,"featured_media":0,"parent":0,"menu_order":0,"comment_status":"closed","ping_status":"closed","template":"","meta":{"footnotes":""},"class_list":["post-379","page","type-page","status-publish","hentry"],"_links":{"self":[{"href":"https:\/\/ritaraga.com\/index.php\/wp-json\/wp\/v2\/pages\/379","targetHints":{"allow":["GET"]}}],"collection":[{"href":"https:\/\/ritaraga.com\/index.php\/wp-json\/wp\/v2\/pages"}],"about":[{"href":"https:\/\/ritaraga.com\/index.php\/wp-json\/wp\/v2\/types\/page"}],"author":[{"embeddable":true,"href":"https:\/\/ritaraga.com\/index.php\/wp-json\/wp\/v2\/users\/1"}],"replies":[{"embeddable":true,"href":"https:\/\/ritaraga.com\/index.php\/wp-json\/wp\/v2\/comments?post=379"}],"version-history":[{"count":17,"href":"https:\/\/ritaraga.com\/index.php\/wp-json\/wp\/v2\/pages\/379\/revisions"}],"predecessor-version":[{"id":459,"href":"https:\/\/ritaraga.com\/index.php\/wp-json\/wp\/v2\/pages\/379\/revisions\/459"}],"wp:attachment":[{"href":"https:\/\/ritaraga.com\/index.php\/wp-json\/wp\/v2\/media?parent=379"}],"curies":[{"name":"wp","href":"https:\/\/api.w.org\/{rel}","templated":true}]}}