{"id":10,"date":"2025-11-14T21:46:07","date_gmt":"2025-11-14T20:46:07","guid":{"rendered":"https:\/\/serwer397923.lh.pl\/autoinstalator\/serwer397923.lh.pl\/wordpress141578\/index.php\/silverstorm\/"},"modified":"2026-03-01T19:41:18","modified_gmt":"2026-03-01T18:41:18","slug":"silverstorm","status":"publish","type":"page","link":"https:\/\/ritaraga.com\/","title":{"rendered":"Home"},"content":{"rendered":"\t\t<div data-elementor-type=\"wp-page\" data-elementor-id=\"10\" class=\"elementor elementor-10\">\n\t\t\t\t<div class=\"elementor-element elementor-element-699f3c3 e-flex e-con-boxed e-con e-parent\" data-id=\"699f3c3\" data-element_type=\"container\" data-settings=\"{&quot;background_background&quot;:&quot;classic&quot;}\">\n\t\t\t\t\t<div class=\"e-con-inner\">\n\t\t\t\t<div class=\"elementor-element elementor-element-ec1ec0b elementor-widget elementor-widget-heading\" data-id=\"ec1ec0b\" data-element_type=\"widget\" data-widget_type=\"heading.default\">\n\t\t\t\t\t<h2 class=\"elementor-heading-title elementor-size-default\">Muzyczna podr\u00f3\u017c przez brzmienia world music w rytmie elektroniki<\/h2>\t\t\t\t<\/div>\n\t\t\t\t\t<\/div>\n\t\t\t\t<\/div>\n\t\t<div class=\"elementor-element elementor-element-e1c5463 e-flex e-con-boxed e-con e-parent\" data-id=\"e1c5463\" data-element_type=\"container\">\n\t\t\t\t\t<div class=\"e-con-inner\">\n\t\t\t\t<div class=\"elementor-element elementor-element-a0ff992 elementor-widget elementor-widget-video\" data-id=\"a0ff992\" data-element_type=\"widget\" data-settings=\"{&quot;youtube_url&quot;:&quot;https:\\\/\\\/youtu.be\\\/nE-FZSupGWE?si=LbnD5r1I1Boyoyyj&quot;,&quot;autoplay&quot;:&quot;yes&quot;,&quot;mute&quot;:&quot;yes&quot;,&quot;video_type&quot;:&quot;youtube&quot;}\" data-widget_type=\"video.default\">\n\t\t\t\t\t\t\t<div class=\"elementor-wrapper elementor-open-inline\">\n\t\t\t<div class=\"elementor-video\"><\/div>\t\t<\/div>\n\t\t\t\t\t\t<\/div>\n\t\t\t\t\t<\/div>\n\t\t\t\t<\/div>\n\t\t<div class=\"elementor-element elementor-element-d94b114 e-flex e-con-boxed e-con e-parent\" data-id=\"d94b114\" data-element_type=\"container\" data-settings=\"{&quot;background_background&quot;:&quot;classic&quot;}\">\n\t\t\t\t\t<div class=\"e-con-inner\">\n\t\t\t\t<div class=\"elementor-element elementor-element-765d6a7 elementor-widget elementor-widget-heading\" data-id=\"765d6a7\" data-element_type=\"widget\" data-widget_type=\"heading.default\">\n\t\t\t\t\t<h2 class=\"elementor-heading-title elementor-size-default\">O artystce<\/h2>\t\t\t\t<\/div>\n\t\t\t\t\t<\/div>\n\t\t\t\t<\/div>\n\t\t<div class=\"elementor-element elementor-element-55ea1880 e-flex e-con-boxed e-con e-parent\" data-id=\"55ea1880\" data-element_type=\"container\" data-settings=\"{&quot;background_background&quot;:&quot;classic&quot;}\">\n\t\t\t\t\t<div class=\"e-con-inner\">\n\t\t\t\t<div class=\"elementor-element elementor-element-22108dd4 elementor-widget elementor-widget-text-editor\" data-id=\"22108dd4\" data-element_type=\"widget\" data-widget_type=\"text-editor.default\">\n\t\t\t\t\t\t\t\t\t<div class=\"style-177 style-local-10-c1 position-relative\" data-colibri-id=\"10-c1\"><div id=\"about\" class=\"h-section h-section-global-spacing d-flex align-items-lg-center align-items-md-center align-items-center style-183 style-local-10-c2 position-relative\" data-colibri-component=\"section\" data-colibri-id=\"10-c2\"><div class=\"h-section-grid-container h-section-boxed-container\"><div class=\"h-row-container gutters-row-lg-1 gutters-row-md-1 gutters-row-0 gutters-row-v-lg-1 gutters-row-v-md-1 gutters-row-v-1 style-184 style-local-10-c3 position-relative\" data-colibri-id=\"10-c3\"><div class=\"h-row justify-content-lg-center justify-content-md-center justify-content-center align-items-lg-stretch align-items-md-stretch align-items-stretch gutters-col-lg-1 gutters-col-md-1 gutters-col-0 gutters-col-v-lg-1 gutters-col-v-md-1 gutters-col-v-1\"><div class=\"h-column h-column-container d-flex h-col-lg-auto h-col-md-auto h-col-auto style-185-outer style-local-10-c4-outer\"><div class=\"d-flex h-flex-basis h-column__inner h-px-lg-0 h-px-md-0 h-px-0 v-inner-lg-0 v-inner-md-0 v-inner-0 style-185 style-local-10-c4 position-relative\" data-colibri-id=\"10-c4\"><div class=\"w-100 h-y-container h-column__content h-column__v-align flex-basis-100 align-self-lg-center align-self-md-center align-self-center\"><div class=\"h-global-transition-all h-heading style-186 style-local-10-c5 position-relative h-element\" data-colibri-id=\"10-c5\"><div class=\"h-heading__outer style-186 style-local-10-c5\"><h5 class=\"\"><img fetchpriority=\"high\" decoding=\"async\" class=\"wp-image-77 alignleft\" style=\"font-size: 16px;\" src=\"https:\/\/ritaraga.com\/wp-content\/uploads\/2025\/11\/494087193_1300355581853472_3157761869097775734_n-300x218.jpg\" alt=\"\" width=\"343\" height=\"250\" srcset=\"https:\/\/ritaraga.com\/wp-content\/uploads\/2025\/11\/494087193_1300355581853472_3157761869097775734_n-300x218.jpg 300w, https:\/\/ritaraga.com\/wp-content\/uploads\/2025\/11\/494087193_1300355581853472_3157761869097775734_n-1024x745.jpg 1024w, https:\/\/ritaraga.com\/wp-content\/uploads\/2025\/11\/494087193_1300355581853472_3157761869097775734_n-768x559.jpg 768w, https:\/\/ritaraga.com\/wp-content\/uploads\/2025\/11\/494087193_1300355581853472_3157761869097775734_n-1536x1118.jpg 1536w, https:\/\/ritaraga.com\/wp-content\/uploads\/2025\/11\/494087193_1300355581853472_3157761869097775734_n.jpg 1875w\" sizes=\"(max-width: 343px) 100vw, 343px\" \/><\/h5><\/div><\/div><div class=\"h-text h-text-component style-188 style-local-10-c7 position-relative h-element\" data-colibri-id=\"10-c7\"><div class=\"\"><p><strong>Rita Raga \u2013 wokalistka, producent muzyczna. Vocal coach.<\/strong><\/p><p>Tworzy muzyk\u0119 elektroniczn\u0105 z elementami world music, kt\u00f3ra porusza, hipnotyzuje i buduje wyj\u0105tkowy klimat.<\/p><div class=\"h-text h-text-component style-188 style-local-10-c7 position-relative h-element\" data-colibri-id=\"10-c7\"><div class=\"\"><p>Na scenie (zar\u00f3wno w formule solo act, jak i z zespo\u0142em) buduje zmys\u0142owe, pe\u0142ne emocji spektakle &#8211; g\u0142os, ruch, rytualny vibe. Jej muzyka niczym alchemia \u0142\u0105czy elementy organiczne i elektroniczne, tradycj\u0119 i nowoczesno\u015b\u0107, delikatno\u015b\u0107 i moc.<\/p><\/div><\/div><p><a class=\"more-btn\" href=\"\/index.php\/o-artystce\">Czytaj wi\u0119cej<\/a><\/p><style>\n.more-btn {<br \/>    display: inline-block;<br \/>    padding: 8px 16px;<br \/>    background: #473B86;<br \/>    color: #ffffff;<br \/>    text-decoration: none;<br \/>    border-radius: 4px;<br \/>    font-weight: 500;<br \/>    font-size: 14px;<br \/>}<br \/>.more-btn:hover {<br \/>    background: #211636; color: ##eed28c;<\/p>\n<p>}<br \/><\/style><\/div><\/div><\/div><\/div><\/div><\/div><\/div><\/div><\/div><\/div>\t\t\t\t\t\t\t\t<\/div>\n\t\t\t\t\t<\/div>\n\t\t\t\t<\/div>\n\t\t<div class=\"elementor-element elementor-element-ab360dc e-con-full e-flex e-con e-parent\" data-id=\"ab360dc\" data-element_type=\"container\" data-settings=\"{&quot;background_background&quot;:&quot;classic&quot;}\">\n\t\t<div class=\"elementor-element elementor-element-69d1c89 e-grid e-con-full e-con e-child\" data-id=\"69d1c89\" data-element_type=\"container\">\n\t\t\t\t<div class=\"elementor-element elementor-element-c058a5e elementor-widget__width-initial elementor-widget elementor-widget-video\" data-id=\"c058a5e\" data-element_type=\"widget\" data-settings=\"{&quot;youtube_url&quot;:&quot;https:\\\/\\\/www.youtube.com\\\/shorts\\\/QZsgHdGxaIQ?feature=share&quot;,&quot;video_type&quot;:&quot;youtube&quot;,&quot;controls&quot;:&quot;yes&quot;}\" data-widget_type=\"video.default\">\n\t\t\t\t\t\t\t<div class=\"elementor-wrapper elementor-open-inline\">\n\t\t\t<div class=\"elementor-video\"><\/div>\t\t<\/div>\n\t\t\t\t\t\t<\/div>\n\t\t\t\t<div class=\"elementor-element elementor-element-d0b73e5 elementor-widget__width-initial elementor-widget elementor-widget-text-editor\" data-id=\"d0b73e5\" data-element_type=\"widget\" data-widget_type=\"text-editor.default\">\n\t\t\t\t\t\t\t\t\t<p><strong>Wybrane wsp\u00f3\u0142prace i realizacje:<\/strong><\/p><p>\u2714\u00a0Camp Dream-Speak-Live: Uniwersytet \u015al\u0105ski i University of Texas<br \/>\u2714\u00a0Katowice Miasto Ogrod\u00f3w<br \/>\u2714 Smolna\u00a0\u00a0<br \/>\u2714\u00a0Fabryka Pe\u0142na \u017bycia<br \/>\u2714\u00a0trasa koncertowa z zespo\u0142em Echo Rodu<br \/>\u2714\u00a0Fest Festiwal<br \/>\u2714\u00a0Manipura (Teneryfa)<br \/>\u2714\u00a0Odyssee Berlin (Niemcy)<br \/>\u2714\u00a0SUN Festival (W\u0119gry)<br \/>\u2714\u00a0Shidotaira (Japonia)<\/p><p><strong>Kwalifikacje:<\/strong><\/p><p>\u2714\u00a0Studium Wokalno-Baletowe przy Gliwickim Teatrze Muzycznym (II st. szko\u0142y muzycznej)<br \/>\u2714 Szkolenie Music &amp; Audio in GameDev (Skvot)<br \/>\u2714 Warsztaty produkcji muzycznej z Merkaba Music<br \/>\u2714\u00a0Kurs dla nauczycieli \u015bpiewu oraz seminaria dla wokalist\u00f3w (Stowarzyszenie Mix)<br \/>\u2714\u00a0Kurs muzykoterapii<br \/>\u2714\u00a0Uprawnienia pedagogiczne\u00a0<br \/>\u2714\u00a0Certyfikat instruktora jogi oraz instruktora rytmiki<\/p>\t\t\t\t\t\t\t\t<\/div>\n\t\t\t\t<\/div>\n\t\t\t\t<\/div>\n\t\t<div class=\"elementor-element elementor-element-6030196 e-flex e-con-boxed e-con e-parent\" data-id=\"6030196\" data-element_type=\"container\" data-settings=\"{&quot;background_background&quot;:&quot;classic&quot;}\">\n\t\t\t\t\t<div class=\"e-con-inner\">\n\t\t\t\t<div class=\"elementor-element elementor-element-823c148 elementor-widget elementor-widget-heading\" data-id=\"823c148\" data-element_type=\"widget\" data-widget_type=\"heading.default\">\n\t\t\t\t\t<h2 class=\"elementor-heading-title elementor-size-default\">Oferta<\/h2>\t\t\t\t<\/div>\n\t\t\t\t\t<\/div>\n\t\t\t\t<\/div>\n\t\t<div class=\"elementor-element elementor-element-e342ab6 e-grid e-con-boxed e-con e-parent\" data-id=\"e342ab6\" data-element_type=\"container\" data-settings=\"{&quot;background_background&quot;:&quot;classic&quot;}\">\n\t\t\t\t\t<div class=\"e-con-inner\">\n\t\t\t\t<div class=\"elementor-element elementor-element-bde44ab elementor-widget elementor-widget-text-editor\" data-id=\"bde44ab\" data-element_type=\"widget\" data-widget_type=\"text-editor.default\">\n\t\t\t\t\t\t\t\t\t<p><strong>Live solo<\/strong><\/p><p>Muzyka autorska i oryginalne aran\u017cacje w unikalnej oprawie wizualnej.<br \/>Wokal i instrumenty akustyczne subtelnie po\u0142\u0105czone ze stylow\u0105 elektronik\u0105, wzbogacone o artystyczny performance &#8211; m.in. skrzyd\u0142a isis, wachlarze led.<\/p><div><p><a class=\"more-btn\" href=\"\/index.php\/oferta-live-solo\">Czytaj wi\u0119cej<\/a><\/p><style>\n.more-btn {<br \/>\n    display: inline-block;<br \/>\n    padding: 8px 16px;<br \/>\n    background: #473B86;<br \/>\n    color: #ffffff;<br \/>\n    text-decoration: none;<br \/>\n    border-radius: 4px;<br \/>\n    font-weight: 500;<br \/>\n    font-size: 14px;<\/p>\n<p>.more-btn:hover {<br \/>\n    background: #211636; <\/p>\n<p>}<br \/>\n<\/style><\/div>\t\t\t\t\t\t\t\t<\/div>\n\t\t\t\t<div class=\"elementor-element elementor-element-51ee165 elementor-widget elementor-widget-text-editor\" data-id=\"51ee165\" data-element_type=\"widget\" data-widget_type=\"text-editor.default\">\n\t\t\t\t\t\t\t\t\t<p><strong>Live z zespo\u0142em<\/strong><\/p><p>Wyst\u0119p poszerzony o udzia\u0142 muzyk\u00f3w i performer\u00f3w. Wsp\u00f3\u0142pracuj\u0119 m.in. z:<br \/>\u2022 ZJ Zuzanne (Skrzypce)<br \/>\u2022 Etnochowa (b\u0119bny etniczne)<br \/>\u2022 Wizart (gitara elektryczna)<br \/>\u2022 Elwry (performance, led show, fire show)<\/p><div><a class=\"more-btn\" href=\"\/index.php\/live-z-zespolem\">Czytaj wi\u0119cej<\/a> <style>\n.more-btn {<br \/>\n    display: inline-block;<br \/>\n    padding: 8px 16px;<br \/>\n    background: #473B86;<br \/>\n    color: #ffffff;<br \/>\n    text-decoration: none;<br \/>\n    border-radius: 4px;<br \/>\n    font-weight: 500;<br \/>\n    font-size: 14px;<\/p>\n<p>.more-btn:hover {<br \/>\n    background: #211636; <\/p>\n<p>}<br \/>\n<\/style><\/div>\t\t\t\t\t\t\t\t<\/div>\n\t\t\t\t<div class=\"elementor-element elementor-element-30880f6 elementor-widget elementor-widget-text-editor\" data-id=\"30880f6\" data-element_type=\"widget\" data-widget_type=\"text-editor.default\">\n\t\t\t\t\t\t\t\t\t<strong>Organizacja wydarze\u0144<\/strong> <p> <p>\n\nW ramach dzia\u0142a\u0144 Fundacji Flow Zone i Stowarzyszenia Kr\u0105g oraz wsp\u00f3\u0142prac z firm\u0105 Misteriada oraz Fundacj\u0105 Artystyczn\u0105 Indygo, organizujemy wydarzenia z pe\u0142n\u0105 obs\u0142ug\u0105 techniczn\u0105 opraw\u0105 muzyczn\u0105, artystyczn\u0105 i wizualn\u0105. <p> \n<a class=\"more-btn\" href=\"\/index.php\/organizacja-wydarzen\">Czytaj wi\u0119cej<\/a>\n\n\n<style>\n.more-btn {\n    display: inline-block;\n    padding: 8px 16px;\n    background: #473B86;\n    color: #ffffff;\n    text-decoration: none;\n    border-radius: 4px;\n    font-weight: 500;\n    font-size: 14px;\n  \n.more-btn:hover {\n    background: #211636; \n\n}\n<\/style>\t\t\t\t\t\t\t\t<\/div>\n\t\t\t\t\t<\/div>\n\t\t\t\t<\/div>\n\t\t<div class=\"elementor-element elementor-element-7eeef12 e-flex e-con-boxed e-con e-parent\" data-id=\"7eeef12\" data-element_type=\"container\" data-settings=\"{&quot;background_background&quot;:&quot;classic&quot;}\">\n\t\t\t\t\t<div class=\"e-con-inner\">\n\t\t\t\t<div class=\"elementor-element elementor-element-d09651d elementor-widget-divider--view-line elementor-widget elementor-widget-divider\" data-id=\"d09651d\" data-element_type=\"widget\" data-widget_type=\"divider.default\">\n\t\t\t\t\t\t\t<div class=\"elementor-divider\">\n\t\t\t<span class=\"elementor-divider-separator\">\n\t\t\t\t\t\t<\/span>\n\t\t<\/div>\n\t\t\t\t\t\t<\/div>\n\t\t\t\t\t<\/div>\n\t\t\t\t<\/div>\n\t\t<div class=\"elementor-element elementor-element-5d3fbcd e-grid e-con-boxed e-con e-parent\" data-id=\"5d3fbcd\" data-element_type=\"container\" data-settings=\"{&quot;background_background&quot;:&quot;classic&quot;}\">\n\t\t\t\t\t<div class=\"e-con-inner\">\n\t\t\t\t<div class=\"elementor-element elementor-element-22345d5 elementor-widget elementor-widget-text-editor\" data-id=\"22345d5\" data-element_type=\"widget\" data-widget_type=\"text-editor.default\">\n\t\t\t\t\t\t\t\t\t<p><strong>Emisja g\u0142osu &#8211; zaj\u0119cia indywidualne<\/strong><\/p><p>Zaj\u0119cia ze \u015bpiewu i emisji g\u0142osu dla dzieci w wieku szkolnym, m\u0142odzie\u017cy i doros\u0142ych. Bazuj\u0119 na wsp\u00f3\u0142czesnych metodach pracy z g\u0142osem \u015bpiewanym lub m\u00f3wionym &#8211; Mix, SLS.<br \/><a class=\"more-btn\" href=\"\/index.php\/emisja-glosu-zajecia-indywidualne\">Czytaj wi\u0119cej<\/a><\/p><p><style>\n.more-btn {<br \/>\n    display: inline-block;<br \/>\n    padding: 8px 16px;<br \/>\n    background: #473B86;<br \/>\n    color: #ffffff;<br \/>\n    text-decoration: none;<br \/>\n    border-radius: 4px;<br \/>\n    font-weight: 500;<br \/>\n    font-size: 14px;<\/p>\n<p>.more-btn:hover {<br \/>\n    background: #211636; <\/p>\n<p>}<br \/>\n<\/style><\/p>\t\t\t\t\t\t\t\t<\/div>\n\t\t\t\t<div class=\"elementor-element elementor-element-5c22893 elementor-widget elementor-widget-text-editor\" data-id=\"5c22893\" data-element_type=\"widget\" data-widget_type=\"text-editor.default\">\n\t\t\t\t\t\t\t\t\t<p><strong>Warsztaty dla grup<\/strong><\/p><p>Zaj\u0119cia pracy z g\u0142osem bazuj\u0105ce na muzykoterapii. Formu\u0142y:<br \/>\u2022\u00a0 joga dla g\u0142osu<br \/>\u2022\u00a0 kr\u0105g pie\u015bni<br \/>\u2022\u00a0 \u015bwiadomo\u015b\u0107 g\u0142osu m\u00f3wionego<br \/><a class=\"more-btn\" href=\"\/index.php\/warsztaty\">Czytaj wi\u0119cej<\/a><\/p><p><style>\n.more-btn {<br \/>\n    display: inline-block;<br \/>\n    padding: 8px 16px;<br \/>\n    background: #473B86;<br \/>\n    color: #ffffff;<br \/>\n    text-decoration: none;<br \/>\n    border-radius: 4px;<br \/>\n    font-weight: 500;<br \/>\n    font-size: 14px;<\/p>\n<p>.more-btn:hover {<br \/>\n    background: #211636; <\/p>\n<p>}<br \/>\n<\/style><\/p>\t\t\t\t\t\t\t\t<\/div>\n\t\t\t\t<div class=\"elementor-element elementor-element-8055d0d elementor-widget elementor-widget-text-editor\" data-id=\"8055d0d\" data-element_type=\"widget\" data-widget_type=\"text-editor.default\">\n\t\t\t\t\t\t\t\t\t<strong>Sesje relaksacyjne<\/strong> <p> <p>\n\nRelaksacja prowadzona przy d\u017awi\u0119kach muzyki i instrument\u00f3w. Autorskie sesje bazuj\u0105ce na muzykoterapii, wzbogacone o elementy jogi i pracy z oddechem. <p>\n<a class=\"more-btn\" href=\"\/index.php\/sesje-relaksacyjne\">Czytaj wi\u0119cej<\/a>\n\n<style>\n.more-btn {<br \/>    display: inline-block;<br \/>    padding: 8px 16px;<br \/>    background: #473B86;<br \/>    color: #ffffff;<br \/>    text-decoration: none;<br \/>    border-radius: 4px;<br \/>    font-weight: 500;<br \/>    font-size: 14px;<\/p>\n<p>.more-btn:hover {<br \/>    background: #211636; <\/p>\n<p>}<br \/><\/style>\t\t\t\t\t\t\t\t<\/div>\n\t\t\t\t\t<\/div>\n\t\t\t\t<\/div>\n\t\t<div class=\"elementor-element elementor-element-c07b17b e-flex e-con-boxed e-con e-parent\" data-id=\"c07b17b\" data-element_type=\"container\" data-settings=\"{&quot;background_background&quot;:&quot;classic&quot;}\">\n\t\t\t\t\t<div class=\"e-con-inner\">\n\t\t\t\t<div class=\"elementor-element elementor-element-7a7dc45 elementor-widget elementor-widget-heading\" data-id=\"7a7dc45\" data-element_type=\"widget\" data-widget_type=\"heading.default\">\n\t\t\t\t\t<h2 class=\"elementor-heading-title elementor-size-default\">Dyskografia<\/h2>\t\t\t\t<\/div>\n\t\t\t\t\t<\/div>\n\t\t\t\t<\/div>\n\t\t<div class=\"elementor-element elementor-element-262237f e-grid e-con-boxed e-con e-parent\" data-id=\"262237f\" data-element_type=\"container\" data-settings=\"{&quot;background_background&quot;:&quot;classic&quot;}\">\n\t\t\t\t\t<div class=\"e-con-inner\">\n\t\t\t\t<div class=\"elementor-element elementor-element-61c89d2 elementor-widget elementor-widget-image\" data-id=\"61c89d2\" data-element_type=\"widget\" data-widget_type=\"image.default\">\n\t\t\t\t\t\t\t\t\t\t\t\t\t\t\t<img decoding=\"async\" width=\"300\" height=\"300\" src=\"https:\/\/ritaraga.com\/wp-content\/uploads\/2025\/11\/Okladka-mini-4-300x300.jpg\" class=\"attachment-medium size-medium wp-image-524\" alt=\"\" srcset=\"https:\/\/ritaraga.com\/wp-content\/uploads\/2025\/11\/Okladka-mini-4-300x300.jpg 300w, https:\/\/ritaraga.com\/wp-content\/uploads\/2025\/11\/Okladka-mini-4-150x150.jpg 150w, https:\/\/ritaraga.com\/wp-content\/uploads\/2025\/11\/Okladka-mini-4-768x768.jpg 768w, https:\/\/ritaraga.com\/wp-content\/uploads\/2025\/11\/Okladka-mini-4.jpg 1000w\" sizes=\"(max-width: 300px) 100vw, 300px\" \/>\t\t\t\t\t\t\t\t\t\t\t\t\t\t\t<\/div>\n\t\t<div class=\"elementor-element elementor-element-059bf2d e-grid e-con-full e-con e-child\" data-id=\"059bf2d\" data-element_type=\"container\">\n\t\t\t\t<div class=\"elementor-element elementor-element-89d5ad6 elementor-widget__width-initial elementor-widget elementor-widget-text-editor\" data-id=\"89d5ad6\" data-element_type=\"widget\" data-widget_type=\"text-editor.default\">\n\t\t\t\t\t\t\t\t\t<p>Dyskografia artystki obejmuje 3 albumy studyjne wydane na CD oraz pendrive, a tak\u017ce liczne EP i single wydane w uznanych labelach na ca\u0142ym \u015bwiecie, m.in. kultowy kanadyjski Altar Records.<\/p>\t\t\t\t\t\t\t\t<\/div>\n\t\t\t\t<div class=\"elementor-element elementor-element-c11eb4e elementor-widget elementor-widget-button\" data-id=\"c11eb4e\" data-element_type=\"widget\" data-widget_type=\"button.default\">\n\t\t\t\t\t\t\t\t\t\t<a class=\"elementor-button elementor-button-link elementor-size-sm\" href=\"https:\/\/ritaraga.com\/index.php\/dyskografia\/\">\n\t\t\t\t\t\t<span class=\"elementor-button-content-wrapper\">\n\t\t\t\t\t\t\t\t\t<span class=\"elementor-button-text\">Czytaj wi\u0119cej<\/span>\n\t\t\t\t\t<\/span>\n\t\t\t\t\t<\/a>\n\t\t\t\t\t\t\t\t<\/div>\n\t\t\t\t<\/div>\n\t\t\t\t\t<\/div>\n\t\t\t\t<\/div>\n\t\t<div class=\"elementor-element elementor-element-6fe1f0f e-flex e-con-boxed e-con e-parent\" data-id=\"6fe1f0f\" data-element_type=\"container\" data-settings=\"{&quot;background_background&quot;:&quot;classic&quot;}\">\n\t\t\t\t\t<div class=\"e-con-inner\">\n\t\t\t\t<div class=\"elementor-element elementor-element-48582ed elementor-widget elementor-widget-video\" data-id=\"48582ed\" data-element_type=\"widget\" data-settings=\"{&quot;youtube_url&quot;:&quot;https:\\\/\\\/youtu.be\\\/lyWnzfdqbK4?si=MdNxIYD2XJbos1Gq&quot;,&quot;video_type&quot;:&quot;youtube&quot;,&quot;controls&quot;:&quot;yes&quot;}\" data-widget_type=\"video.default\">\n\t\t\t\t\t\t\t<div class=\"elementor-wrapper elementor-open-inline\">\n\t\t\t<div class=\"elementor-video\"><\/div>\t\t<\/div>\n\t\t\t\t\t\t<\/div>\n\t\t\t\t\t<\/div>\n\t\t\t\t<\/div>\n\t\t<div class=\"elementor-element elementor-element-3c303a9 e-flex e-con-boxed e-con e-parent\" data-id=\"3c303a9\" data-element_type=\"container\">\n\t\t\t\t\t<div class=\"e-con-inner\">\n\t\t\t\t<div class=\"elementor-element elementor-element-c992395 elementor-widget elementor-widget-text-editor\" data-id=\"c992395\" data-element_type=\"widget\" data-widget_type=\"text-editor.default\">\n\t\t\t\t\t\t\t\t\t<h2><strong>Kontakt:<\/strong><\/h2><h5><a href=\"mailto:rita.raga.music@gmail.com\" target=\"_blank\" rel=\"noopener\">rita.raga.music@gmail.com<\/a><\/h5><p>tel. 506 895 034<\/p><p>IG: <a href=\"http:\/\/instagram.com\/ritaragamusic\">RitaRagaMusic<\/a><br \/>FB: <a href=\"http:\/\/facebook.com\/RitaRagaMusic\">RitaRagaMusic<\/a><br \/>YT: <a href=\"http:\/\/youtube.com\/c\/RitaRaga\">RitaRaga<\/a><br \/>Spotify: <a href=\"https:\/\/open.spotify.com\/artist\/0cKwjtQrp4P1uxmRRuLpXl\">RitaRaga<\/a><br \/>Bandcamp: <a href=\"https:\/\/ritaraga.bandcamp.com\/\">RitaRaga<\/a><\/p>\t\t\t\t\t\t\t\t<\/div>\n\t\t\t\t\t<\/div>\n\t\t\t\t<\/div>\n\t\t<div class=\"elementor-element elementor-element-22b1f81 e-grid e-con-boxed e-con e-parent\" data-id=\"22b1f81\" data-element_type=\"container\">\n\t\t\t\t\t<div class=\"e-con-inner\">\n\t\t\t\t<div class=\"elementor-element elementor-element-743a353 elementor-view-default elementor-widget elementor-widget-icon\" data-id=\"743a353\" data-element_type=\"widget\" data-widget_type=\"icon.default\">\n\t\t\t\t\t\t\t<div class=\"elementor-icon-wrapper\">\n\t\t\t<a class=\"elementor-icon\" href=\"http:\/\/facebook.com\/RitaRagaMusic\" target=\"_blank\">\n\t\t\t<svg aria-hidden=\"true\" class=\"e-font-icon-svg e-fab-facebook-square\" viewBox=\"0 0 448 512\" xmlns=\"http:\/\/www.w3.org\/2000\/svg\"><path d=\"M400 32H48A48 48 0 0 0 0 80v352a48 48 0 0 0 48 48h137.25V327.69h-63V256h63v-54.64c0-62.15 37-96.48 93.67-96.48 27.14 0 55.52 4.84 55.52 4.84v61h-31.27c-30.81 0-40.42 19.12-40.42 38.73V256h68.78l-11 71.69h-57.78V480H400a48 48 0 0 0 48-48V80a48 48 0 0 0-48-48z\"><\/path><\/svg>\t\t\t<\/a>\n\t\t<\/div>\n\t\t\t\t\t\t<\/div>\n\t\t\t\t<div class=\"elementor-element elementor-element-7aa5e02 elementor-view-default elementor-widget elementor-widget-icon\" data-id=\"7aa5e02\" data-element_type=\"widget\" data-widget_type=\"icon.default\">\n\t\t\t\t\t\t\t<div class=\"elementor-icon-wrapper\">\n\t\t\t<a class=\"elementor-icon\" href=\"http:\/\/youtube.com\/c\/RitaRaga\" target=\"_blank\">\n\t\t\t<svg aria-hidden=\"true\" class=\"e-font-icon-svg e-fab-youtube-square\" viewBox=\"0 0 448 512\" xmlns=\"http:\/\/www.w3.org\/2000\/svg\"><path d=\"M186.8 202.1l95.2 54.1-95.2 54.1V202.1zM448 80v352c0 26.5-21.5 48-48 48H48c-26.5 0-48-21.5-48-48V80c0-26.5 21.5-48 48-48h352c26.5 0 48 21.5 48 48zm-42 176.3s0-59.6-7.6-88.2c-4.2-15.8-16.5-28.2-32.2-32.4C337.9 128 224 128 224 128s-113.9 0-142.2 7.7c-15.7 4.2-28 16.6-32.2 32.4-7.6 28.5-7.6 88.2-7.6 88.2s0 59.6 7.6 88.2c4.2 15.8 16.5 27.7 32.2 31.9C110.1 384 224 384 224 384s113.9 0 142.2-7.7c15.7-4.2 28-16.1 32.2-31.9 7.6-28.5 7.6-88.1 7.6-88.1z\"><\/path><\/svg>\t\t\t<\/a>\n\t\t<\/div>\n\t\t\t\t\t\t<\/div>\n\t\t\t\t<div class=\"elementor-element elementor-element-4a7a2da elementor-view-default elementor-widget elementor-widget-icon\" data-id=\"4a7a2da\" data-element_type=\"widget\" data-widget_type=\"icon.default\">\n\t\t\t\t\t\t\t<div class=\"elementor-icon-wrapper\">\n\t\t\t<a class=\"elementor-icon\" href=\"http:\/\/instagram.com\/ritaragamusic\" target=\"_blank\">\n\t\t\t<svg aria-hidden=\"true\" class=\"e-font-icon-svg e-fab-instagram\" viewBox=\"0 0 448 512\" xmlns=\"http:\/\/www.w3.org\/2000\/svg\"><path d=\"M224.1 141c-63.6 0-114.9 51.3-114.9 114.9s51.3 114.9 114.9 114.9S339 319.5 339 255.9 287.7 141 224.1 141zm0 189.6c-41.1 0-74.7-33.5-74.7-74.7s33.5-74.7 74.7-74.7 74.7 33.5 74.7 74.7-33.6 74.7-74.7 74.7zm146.4-194.3c0 14.9-12 26.8-26.8 26.8-14.9 0-26.8-12-26.8-26.8s12-26.8 26.8-26.8 26.8 12 26.8 26.8zm76.1 27.2c-1.7-35.9-9.9-67.7-36.2-93.9-26.2-26.2-58-34.4-93.9-36.2-37-2.1-147.9-2.1-184.9 0-35.8 1.7-67.6 9.9-93.9 36.1s-34.4 58-36.2 93.9c-2.1 37-2.1 147.9 0 184.9 1.7 35.9 9.9 67.7 36.2 93.9s58 34.4 93.9 36.2c37 2.1 147.9 2.1 184.9 0 35.9-1.7 67.7-9.9 93.9-36.2 26.2-26.2 34.4-58 36.2-93.9 2.1-37 2.1-147.8 0-184.8zM398.8 388c-7.8 19.6-22.9 34.7-42.6 42.6-29.5 11.7-99.5 9-132.1 9s-102.7 2.6-132.1-9c-19.6-7.8-34.7-22.9-42.6-42.6-11.7-29.5-9-99.5-9-132.1s-2.6-102.7 9-132.1c7.8-19.6 22.9-34.7 42.6-42.6 29.5-11.7 99.5-9 132.1-9s102.7-2.6 132.1 9c19.6 7.8 34.7 22.9 42.6 42.6 11.7 29.5 9 99.5 9 132.1s2.7 102.7-9 132.1z\"><\/path><\/svg>\t\t\t<\/a>\n\t\t<\/div>\n\t\t\t\t\t\t<\/div>\n\t\t\t\t\t<\/div>\n\t\t\t\t<\/div>\n\t\t\t\t<\/div>\n\t\t","protected":false},"excerpt":{"rendered":"<p>Muzyczna podr\u00f3\u017c przez brzmienia world music w rytmie elektroniki https:\/\/youtu.be\/nE-FZSupGWE?si=LbnD5r1I1Boyoyyj O artystce Rita Raga \u2013 wokalistka, producent muzyczna. Vocal coach. Tworzy muzyk\u0119 elektroniczn\u0105 z elementami world music, kt\u00f3ra porusza, hipnotyzuje i buduje wyj\u0105tkowy klimat. Na scenie (zar\u00f3wno w formule solo act, jak i z zespo\u0142em) buduje zmys\u0142owe, pe\u0142ne emocji spektakle &#8211; g\u0142os, ruch, rytualny vibe. [&hellip;]<\/p>\n","protected":false},"author":1,"featured_media":0,"parent":0,"menu_order":0,"comment_status":"closed","ping_status":"closed","template":"","meta":{"footnotes":""},"class_list":["post-10","page","type-page","status-publish","hentry"],"_links":{"self":[{"href":"https:\/\/ritaraga.com\/index.php\/wp-json\/wp\/v2\/pages\/10","targetHints":{"allow":["GET"]}}],"collection":[{"href":"https:\/\/ritaraga.com\/index.php\/wp-json\/wp\/v2\/pages"}],"about":[{"href":"https:\/\/ritaraga.com\/index.php\/wp-json\/wp\/v2\/types\/page"}],"author":[{"embeddable":true,"href":"https:\/\/ritaraga.com\/index.php\/wp-json\/wp\/v2\/users\/1"}],"replies":[{"embeddable":true,"href":"https:\/\/ritaraga.com\/index.php\/wp-json\/wp\/v2\/comments?post=10"}],"version-history":[{"count":305,"href":"https:\/\/ritaraga.com\/index.php\/wp-json\/wp\/v2\/pages\/10\/revisions"}],"predecessor-version":[{"id":953,"href":"https:\/\/ritaraga.com\/index.php\/wp-json\/wp\/v2\/pages\/10\/revisions\/953"}],"wp:attachment":[{"href":"https:\/\/ritaraga.com\/index.php\/wp-json\/wp\/v2\/media?parent=10"}],"curies":[{"name":"wp","href":"https:\/\/api.w.org\/{rel}","templated":true}]}}